{"id":1178,"date":"2016-02-29T10:46:33","date_gmt":"2016-02-29T10:46:33","guid":{"rendered":"https:\/\/analatorre.com\/sobre-mi\/"},"modified":"2023-11-17T07:44:12","modified_gmt":"2023-11-17T07:44:12","slug":"sobre-mi","status":"publish","type":"page","link":"https:\/\/analatorre.com\/ca\/sobre-mi\/","title":{"rendered":"Sobre mi"},"content":{"rendered":"<section class=\"wpb-content-wrapper\"><p>[vc_row css_animation=&#8221;&#8221; row_type=&#8221;row&#8221; use_row_as_full_screen_section=&#8221;no&#8221; type=&#8221;grid&#8221; angled_section=&#8221;no&#8221; text_align=&#8221;center&#8221; background_image_as_pattern=&#8221;without_pattern&#8221; css=&#8221;.vc_custom_1699446226833{padding-top: 10px !important;background-color: #f4f4f4 !important;}&#8221; z_index=&#8221;&#8221;][vc_column offset=&#8221;vc_col-lg-offset-2 vc_col-lg-8 vc_col-md-offset-1 vc_col-md-10 vc_col-xs-offset-1 vc_col-xs-4\/5&#8243;][vc_single_image source=&#8221;external_link&#8221; external_img_size=&#8221;400&#215;400&#8243; alignment=&#8221;center&#8221; qode_css_animation=&#8221;&#8221; custom_src=&#8221;https:\/\/static.wixstatic.com\/media\/c9d12d_dff8e77c885d4e80ab3ca3aea7ed6cbc~mv2.gif&#8221;][vc_separator type=&#8221;transparent&#8221; thickness=&#8221;0&#8243; up=&#8221;55&#8243; down=&#8221;0&#8243;][vc_column_text]<\/p>\n<h2>Sobre mi<\/h2>\n<p>[\/vc_column_text][vc_separator type=&#8221;transparent&#8221; thickness=&#8221;0&#8243; up=&#8221;51&#8243; down=&#8221;0&#8243;][vc_column_text]<\/p>\n<p style=\"text-align: center; font-size: 16px;\">Qu\u00e8 prefereixes llegir un llibre o pujar a un arbre? No s\u00e9 a vosaltres, per\u00f2 a mi aquesta pregunta<\/p>\n<p style=\"text-align: center; font-size: 16px;\">me la feien a l&#8217;escola cada comen\u00e7ament de curs i la meva resposta no concedia<\/p>\n<p style=\"text-align: center; font-size: 16px;\">ni un segon al dubte: pujar a un arbre!<\/p>\n<p>&nbsp;<\/p>\n<p style=\"text-align: center; font-size: 16px;\">30 anys m\u00e9s tard gaudeixo a parts iguals tant dels llibres com dels arbres,<\/p>\n<p style=\"text-align: center; font-size: 16px;\">per\u00f2 cada cosa en el moment oport\u00fa.<\/p>\n<p>&nbsp;<\/p>\n<p style=\"text-align: center; font-size: 16px;\">De la mateixa manera, he apr\u00e8s a compaginar la il\u00b7lustraci\u00f3 i la creaci\u00f3 de v\u00eddeos<\/p>\n<p style=\"text-align: center; font-size: 16px;\">en un \u00e0mbit plenament digital amb sortir a la muntanya, equilibrant aix\u00ed el comptador<\/p>\n<p style=\"text-align: center; font-size: 16px;\">d&#8217;hores de renderitzar amb els quil\u00f2metres caminats.<\/p>\n<p>&nbsp;<\/p>\n<p style=\"text-align: center; font-size: 16px;\">Professionalment, em vaig llicenciar en Comunicaci\u00f3 Audiovisual i em vaig graduar<\/p>\n<p style=\"text-align: center; font-size: 16px;\">com a T\u00e8cnica Superior en Audiovisuals, vaig treballar en diferents productores<\/p>\n<p style=\"text-align: center; font-size: 16px;\">i ag\u00e8ncies de publicitat vivint a Porto, Madrid, A\u00e7ores i Mallorca.<\/p>\n<p>&nbsp;<\/p>\n<p style=\"text-align: center; font-size: 16px;\">Actualment, tinc m\u00e9s d&#8217;11 anys d&#8217;experi\u00e8ncia en projectes<\/p>\n<p style=\"text-align: center; font-size: 16px;\">de disseny audiovisual i he establert el meu campament base a Val\u00e8ncia.<\/p>\n<p>&nbsp;<\/p>\n<p style=\"text-align: center; font-size: 16px;\">M&#8217;encanta la fase de donar forma al projecte i no m&#8217;espanta el foli en blanc,<\/p>\n<p style=\"text-align: center; font-size: 16px;\">la pregunta com represento aquesta idea perqu\u00e8 s&#8217;entengui?<\/p>\n<p style=\"text-align: center; font-size: 16px;\">m&#8217;acompanya constantment.<\/p>\n<p>&nbsp;<\/p>\n<p style=\"text-align: center; font-size: 16px;\">I s\u00ed, a vegades la resposta arriba quan soc a la muntanya.<\/p>\n<p>[\/vc_column_text][\/vc_column][\/vc_row]<\/p>\n<\/section>","protected":false},"excerpt":{"rendered":"<p>[vc_row css_animation=&#8221;&#8221; row_type=&#8221;row&#8221; use_row_as_full_screen_section=&#8221;no&#8221; type=&#8221;grid&#8221; angled_section=&#8221;no&#8221; text_align=&#8221;center&#8221; background_image_as_pattern=&#8221;without_pattern&#8221; css=&#8221;.vc_custom_1699446226833{padding-top: 10px !important;background-color: #f4f4f4 !important;}&#8221; z_index=&#8221;&#8221;][vc_column offset=&#8221;vc_col-lg-offset-2 vc_col-lg-8 vc_col-md-offset-1 vc_col-md-10 vc_col-xs-offset-1 vc_col-xs-4\/5&#8243;][vc_single_image source=&#8221;external_link&#8221; external_img_size=&#8221;400&#215;400&#8243; alignment=&#8221;center&#8221; qode_css_animation=&#8221;&#8221; custom_src=&#8221;https:\/\/static.wixstatic.com\/media\/c9d12d_dff8e77c885d4e80ab3ca3aea7ed6cbc~mv2.gif&#8221;][vc_separator type=&#8221;transparent&#8221; thickness=&#8221;0&#8243; up=&#8221;55&#8243; down=&#8221;0&#8243;][vc_column_text] Sobre mi [\/vc_column_text][vc_separator type=&#8221;transparent&#8221; thickness=&#8221;0&#8243; up=&#8221;51&#8243; down=&#8221;0&#8243;][vc_column_text] Qu\u00e8 prefereixes llegir un llibre o pujar a un&#8230;<\/p>\n","protected":false},"author":1,"featured_media":0,"parent":0,"menu_order":0,"comment_status":"closed","ping_status":"closed","template":"full_width.php","meta":{"footnotes":""},"class_list":["post-1178","page","type-page","status-publish","hentry"],"yoast_head":"<!-- This site is optimized with the Yoast SEO Premium plugin v21.2 (Yoast SEO v27.3) - https:\/\/yoast.com\/product\/yoast-seo-premium-wordpress\/ -->\n<title>Sobre Ana Latorre - Disenyadora de Motion Graphics<\/title>\n<meta name=\"description\" content=\"Coneix m\u00e9s sobre Ana Latorre, la seva traject\u00f2ria i passi\u00f3 pel disseny de motion graphics i animaci\u00f3. Descobreix la seva visi\u00f3 i experi\u00e8ncia.\" \/>\n<meta name=\"robots\" content=\"index, follow, max-snippet:-1, max-image-preview:large, max-video-preview:-1\" \/>\n<link rel=\"canonical\" href=\"https:\/\/analatorre.com\/ca\/sobre-mi\/\" \/>\n<meta property=\"og:locale\" content=\"ca_ES\" \/>\n<meta property=\"og:type\" content=\"article\" \/>\n<meta property=\"og:title\" content=\"Sobre mi\" \/>\n<meta property=\"og:description\" content=\"Coneix m\u00e9s sobre Ana Latorre, la seva traject\u00f2ria i passi\u00f3 pel disseny de motion graphics i animaci\u00f3. Descobreix la seva visi\u00f3 i experi\u00e8ncia.\" \/>\n<meta property=\"og:url\" content=\"https:\/\/analatorre.com\/ca\/sobre-mi\/\" \/>\n<meta property=\"og:site_name\" content=\"Ana Latorre\" \/>\n<meta property=\"article:modified_time\" content=\"2023-11-17T07:44:12+00:00\" \/>\n<meta name=\"twitter:card\" content=\"summary_large_image\" \/>\n<meta name=\"twitter:label1\" content=\"Temps estimat de lectura\" \/>\n\t<meta name=\"twitter:data1\" content=\"2 minuts\" \/>\n<script type=\"application\/ld+json\" class=\"yoast-schema-graph\">{\"@context\":\"https:\\\/\\\/schema.org\",\"@graph\":[{\"@type\":\"WebPage\",\"@id\":\"https:\\\/\\\/analatorre.com\\\/ca\\\/sobre-mi\\\/\",\"url\":\"https:\\\/\\\/analatorre.com\\\/ca\\\/sobre-mi\\\/\",\"name\":\"Sobre Ana Latorre - Disenyadora de Motion Graphics\",\"isPartOf\":{\"@id\":\"https:\\\/\\\/analatorre.com\\\/#website\"},\"datePublished\":\"2016-02-29T10:46:33+00:00\",\"dateModified\":\"2023-11-17T07:44:12+00:00\",\"description\":\"Coneix m\u00e9s sobre Ana Latorre, la seva traject\u00f2ria i passi\u00f3 pel disseny de motion graphics i animaci\u00f3. Descobreix la seva visi\u00f3 i experi\u00e8ncia.\",\"breadcrumb\":{\"@id\":\"https:\\\/\\\/analatorre.com\\\/ca\\\/sobre-mi\\\/#breadcrumb\"},\"inLanguage\":\"ca\",\"potentialAction\":[{\"@type\":\"ReadAction\",\"target\":[\"https:\\\/\\\/analatorre.com\\\/ca\\\/sobre-mi\\\/\"]}]},{\"@type\":\"BreadcrumbList\",\"@id\":\"https:\\\/\\\/analatorre.com\\\/ca\\\/sobre-mi\\\/#breadcrumb\",\"itemListElement\":[{\"@type\":\"ListItem\",\"position\":1,\"name\":\"Home\",\"item\":\"https:\\\/\\\/analatorre.com\\\/ca\\\/home\\\/\"},{\"@type\":\"ListItem\",\"position\":2,\"name\":\"Sobre mi\"}]},{\"@type\":\"WebSite\",\"@id\":\"https:\\\/\\\/analatorre.com\\\/#website\",\"url\":\"https:\\\/\\\/analatorre.com\\\/\",\"name\":\"Ana Latorre\",\"description\":\"\",\"potentialAction\":[{\"@type\":\"SearchAction\",\"target\":{\"@type\":\"EntryPoint\",\"urlTemplate\":\"https:\\\/\\\/analatorre.com\\\/?s={search_term_string}\"},\"query-input\":{\"@type\":\"PropertyValueSpecification\",\"valueRequired\":true,\"valueName\":\"search_term_string\"}}],\"inLanguage\":\"ca\"}]}<\/script>\n<!-- \/ Yoast SEO Premium plugin. -->","yoast_head_json":{"title":"Sobre Ana Latorre - Disenyadora de Motion Graphics","description":"Coneix m\u00e9s sobre Ana Latorre, la seva traject\u00f2ria i passi\u00f3 pel disseny de motion graphics i animaci\u00f3. Descobreix la seva visi\u00f3 i experi\u00e8ncia.","robots":{"index":"index","follow":"follow","max-snippet":"max-snippet:-1","max-image-preview":"max-image-preview:large","max-video-preview":"max-video-preview:-1"},"canonical":"https:\/\/analatorre.com\/ca\/sobre-mi\/","og_locale":"ca_ES","og_type":"article","og_title":"Sobre mi","og_description":"Coneix m\u00e9s sobre Ana Latorre, la seva traject\u00f2ria i passi\u00f3 pel disseny de motion graphics i animaci\u00f3. Descobreix la seva visi\u00f3 i experi\u00e8ncia.","og_url":"https:\/\/analatorre.com\/ca\/sobre-mi\/","og_site_name":"Ana Latorre","article_modified_time":"2023-11-17T07:44:12+00:00","twitter_card":"summary_large_image","twitter_misc":{"Temps estimat de lectura":"2 minuts"},"schema":{"@context":"https:\/\/schema.org","@graph":[{"@type":"WebPage","@id":"https:\/\/analatorre.com\/ca\/sobre-mi\/","url":"https:\/\/analatorre.com\/ca\/sobre-mi\/","name":"Sobre Ana Latorre - Disenyadora de Motion Graphics","isPartOf":{"@id":"https:\/\/analatorre.com\/#website"},"datePublished":"2016-02-29T10:46:33+00:00","dateModified":"2023-11-17T07:44:12+00:00","description":"Coneix m\u00e9s sobre Ana Latorre, la seva traject\u00f2ria i passi\u00f3 pel disseny de motion graphics i animaci\u00f3. Descobreix la seva visi\u00f3 i experi\u00e8ncia.","breadcrumb":{"@id":"https:\/\/analatorre.com\/ca\/sobre-mi\/#breadcrumb"},"inLanguage":"ca","potentialAction":[{"@type":"ReadAction","target":["https:\/\/analatorre.com\/ca\/sobre-mi\/"]}]},{"@type":"BreadcrumbList","@id":"https:\/\/analatorre.com\/ca\/sobre-mi\/#breadcrumb","itemListElement":[{"@type":"ListItem","position":1,"name":"Home","item":"https:\/\/analatorre.com\/ca\/home\/"},{"@type":"ListItem","position":2,"name":"Sobre mi"}]},{"@type":"WebSite","@id":"https:\/\/analatorre.com\/#website","url":"https:\/\/analatorre.com\/","name":"Ana Latorre","description":"","potentialAction":[{"@type":"SearchAction","target":{"@type":"EntryPoint","urlTemplate":"https:\/\/analatorre.com\/?s={search_term_string}"},"query-input":{"@type":"PropertyValueSpecification","valueRequired":true,"valueName":"search_term_string"}}],"inLanguage":"ca"}]}},"_links":{"self":[{"href":"https:\/\/analatorre.com\/ca\/wp-json\/wp\/v2\/pages\/1178","targetHints":{"allow":["GET"]}}],"collection":[{"href":"https:\/\/analatorre.com\/ca\/wp-json\/wp\/v2\/pages"}],"about":[{"href":"https:\/\/analatorre.com\/ca\/wp-json\/wp\/v2\/types\/page"}],"author":[{"embeddable":true,"href":"https:\/\/analatorre.com\/ca\/wp-json\/wp\/v2\/users\/1"}],"replies":[{"embeddable":true,"href":"https:\/\/analatorre.com\/ca\/wp-json\/wp\/v2\/comments?post=1178"}],"version-history":[{"count":3,"href":"https:\/\/analatorre.com\/ca\/wp-json\/wp\/v2\/pages\/1178\/revisions"}],"predecessor-version":[{"id":1264,"href":"https:\/\/analatorre.com\/ca\/wp-json\/wp\/v2\/pages\/1178\/revisions\/1264"}],"wp:attachment":[{"href":"https:\/\/analatorre.com\/ca\/wp-json\/wp\/v2\/media?parent=1178"}],"curies":[{"name":"wp","href":"https:\/\/api.w.org\/{rel}","templated":true}]}}