{"id":1177,"date":"2023-10-26T07:42:25","date_gmt":"2023-10-26T07:42:25","guid":{"rendered":"https:\/\/analatorre.com\/serveis\/"},"modified":"2023-11-17T10:45:55","modified_gmt":"2023-11-17T10:45:55","slug":"serveis","status":"publish","type":"page","link":"https:\/\/analatorre.com\/ca\/serveis\/","title":{"rendered":"Serveis"},"content":{"rendered":"<section class=\"wpb-content-wrapper\"><p>[vc_row css_animation=&#8221;&#8221; row_type=&#8221;row&#8221; use_row_as_full_screen_section=&#8221;no&#8221; type=&#8221;grid&#8221; angled_section=&#8221;no&#8221; text_align=&#8221;center&#8221; background_image_as_pattern=&#8221;without_pattern&#8221; css=&#8221;.vc_custom_1698305959108{padding-top: 10px !important;padding-bottom: 183px !important;background-color: #f4f4f4 !important;}&#8221; z_index=&#8221;&#8221;][vc_column offset=&#8221;vc_col-lg-offset-2 vc_col-lg-8 vc_col-md-offset-1 vc_col-md-10 vc_col-xs-offset-1 vc_col-xs-4\/5&#8243;][vc_single_image source=&#8221;external_link&#8221; external_img_size=&#8221;400&#215;400&#8243; alignment=&#8221;center&#8221; qode_css_animation=&#8221;&#8221; custom_src=&#8221;https:\/\/static.wixstatic.com\/media\/c9d12d_3d4bba30625643019576a87aa5a76774~mv2.gif&#8221;][vc_separator type=&#8221;transparent&#8221; thickness=&#8221;0&#8243; up=&#8221;55&#8243; down=&#8221;0&#8243;][vc_column_text]<\/p>\n<h2>Serveis<\/h2>\n<p>[\/vc_column_text][vc_separator type=&#8221;transparent&#8221; thickness=&#8221;0&#8243; up=&#8221;51&#8243; down=&#8221;0&#8243;][vc_row_inner row_type=&#8221;row&#8221; type=&#8221;full_width&#8221; text_align=&#8221;left&#8221; css_animation=&#8221;&#8221;][vc_column_inner width=&#8221;1\/2&#8243;][vc_column_text]<\/p>\n<h3 style=\"text-align: center;\">Il\u00b7lustraci\u00f3<\/h3>\n<p>[\/vc_column_text][vc_column_text css=&#8221;.vc_custom_1699439860240{border-top-width: 2px !important;border-right-width: 2px !important;border-bottom-width: 2px !important;border-left-width: 2px !important;padding-top: 10px !important;padding-right: 10px !important;padding-bottom: 10px !important;padding-left: 10px !important;border-left-color: #000000 !important;border-left-style: solid !important;border-right-color: #000000 !important;border-right-style: solid !important;border-top-color: #000000 !important;border-top-style: solid !important;border-bottom-color: #000000 !important;border-bottom-style: solid !important;}&#8221;]<\/p>\n<p style=\"font-size: 16px;\">Il\u00b7lustracions digitals i vectorials, estil flat design que es caracteritza per ser net i intu\u00eftiu, de l\u00ednies clares, formes geom\u00e8triques i est\u00e8tica senzilla.<\/p>\n<p>[\/vc_column_text][vc_column_text]<\/p>\n<h3 style=\"text-align: center;\">V\u00eddeo<\/h3>\n<p>[\/vc_column_text][vc_column_text css=&#8221;.vc_custom_1698308019401{border-top-width: 2px !important;border-right-width: 2px !important;border-bottom-width: 2px !important;border-left-width: 2px !important;padding-top: 10px !important;padding-right: 10px !important;padding-bottom: 10px !important;padding-left: 10px !important;border-left-color: #000000 !important;border-left-style: solid !important;border-right-color: #000000 !important;border-right-style: solid !important;border-top-color: #000000 !important;border-top-style: solid !important;border-bottom-color: #000000 !important;border-bottom-style: solid !important;}&#8221;]<\/p>\n<p style=\"font-size: 16px;\">Segons finalitat:<br \/>\n\u2013 Explicatius.<br \/>\n\u2013 Publicitaris.<br \/>\n\u2013 Corporatius.<br \/>\n\u2013 Presentaci\u00f3 de producte.<br \/>\n\u2013 E-learning.<br \/>\n\u2013 Tutorials de funcionament.<br \/>\n\u2013 Storytelling.<br \/>\n\u2013 Slideshow o passi de diapositives.<br \/>\n\u2013 V\u00eddeoclips.<br \/>\n\u2013 Animaci\u00f3 de lletres de can\u00e7ons.<\/p>\n<p>[\/vc_column_text][\/vc_column_inner][vc_column_inner width=&#8221;1\/2&#8243;][vc_column_text]<\/p>\n<h3 style=\"text-align: center;\">Altres<\/h3>\n<p>[\/vc_column_text][vc_column_text css=&#8221;.vc_custom_1698308042396{border-top-width: 2px !important;border-right-width: 2px !important;border-bottom-width: 2px !important;border-left-width: 2px !important;padding-top: 10px !important;padding-right: 10px !important;padding-bottom: 10px !important;padding-left: 10px !important;border-left-color: #000000 !important;border-left-style: solid !important;border-right-color: #000000 !important;border-right-style: solid !important;border-top-color: #000000 !important;border-top-style: solid !important;border-bottom-color: #000000 !important;border-bottom-style: solid !important;}&#8221;]<\/p>\n<p style=\"font-size: 16px;\">\u2013 Creaci\u00f3 o adaptaci\u00f3 de plantilles.<br \/>\n\u2013 Cap\u00e7aleres o packs de grafismes.<br \/>\n\u2013 Creaci\u00f3 i animaci\u00f3 de logotips.<br \/>\n\u2013 T\u00edtols de cr\u00e8dits.<br \/>\n\u2013 Infografies.<br \/>\n\u2013 Tipografia cin\u00e8tica.<br \/>\n\u2013 Disseny i animaci\u00f3 de personatges.<br \/>\n\u2013 Visualitzaci\u00f3 arquitect\u00f2nica.<\/p>\n<p>[\/vc_column_text][vc_column_text]<\/p>\n<h3 style=\"text-align: center;\">A m\u00e9s<\/h3>\n<p>[\/vc_column_text][vc_column_text css=&#8221;.vc_custom_1699439896076{border-top-width: 2px !important;border-right-width: 2px !important;border-bottom-width: 2px !important;border-left-width: 2px !important;padding-top: 10px !important;padding-right: 10px !important;padding-bottom: 10px !important;padding-left: 10px !important;border-left-color: #000000 !important;border-left-style: solid !important;border-right-color: #000000 !important;border-right-style: solid !important;border-top-color: #000000 !important;border-top-style: solid !important;border-bottom-color: #000000 !important;border-bottom-style: solid !important;}&#8221;]<\/p>\n<p style=\"font-size: 16px;\">\u2013 Escriptura de gui\u00f3.<br \/>\n\u2013 Locucions en diferents idiomes.<br \/>\n\u2013 M\u00fasica i gesti\u00f3 de la seva llic\u00e8ncia d&#8217;\u00fas.<br \/>\n\u2013 Mescla professional d&#8217;\u00e0udio.<br \/>\n\u2013 Subtitulat.<br \/>\n\u2013 Diferents idiomes i versions.<br \/>\n\u2013 Adaptaci\u00f3 a diferents formats.<\/p>\n<p>[\/vc_column_text][\/vc_column_inner][\/vc_row_inner][\/vc_column][\/vc_row]<\/p>\n<\/section>","protected":false},"excerpt":{"rendered":"<p>[vc_row css_animation=&#8221;&#8221; row_type=&#8221;row&#8221; use_row_as_full_screen_section=&#8221;no&#8221; type=&#8221;grid&#8221; angled_section=&#8221;no&#8221; text_align=&#8221;center&#8221; background_image_as_pattern=&#8221;without_pattern&#8221; css=&#8221;.vc_custom_1698305959108{padding-top: 10px !important;padding-bottom: 183px !important;background-color: #f4f4f4 !important;}&#8221; z_index=&#8221;&#8221;][vc_column offset=&#8221;vc_col-lg-offset-2 vc_col-lg-8 vc_col-md-offset-1 vc_col-md-10 vc_col-xs-offset-1 vc_col-xs-4\/5&#8243;][vc_single_image source=&#8221;external_link&#8221; external_img_size=&#8221;400&#215;400&#8243; alignment=&#8221;center&#8221; qode_css_animation=&#8221;&#8221; custom_src=&#8221;https:\/\/static.wixstatic.com\/media\/c9d12d_3d4bba30625643019576a87aa5a76774~mv2.gif&#8221;][vc_separator type=&#8221;transparent&#8221; thickness=&#8221;0&#8243; up=&#8221;55&#8243; down=&#8221;0&#8243;][vc_column_text] Serveis [\/vc_column_text][vc_separator type=&#8221;transparent&#8221; thickness=&#8221;0&#8243; up=&#8221;51&#8243; down=&#8221;0&#8243;][vc_row_inner row_type=&#8221;row&#8221; type=&#8221;full_width&#8221; text_align=&#8221;left&#8221; css_animation=&#8221;&#8221;][vc_column_inner width=&#8221;1\/2&#8243;][vc_column_text] Il\u00b7lustraci\u00f3 [\/vc_column_text][vc_column_text css=&#8221;.vc_custom_1699439860240{border-top-width:&#8230;<\/p>\n","protected":false},"author":2,"featured_media":0,"parent":0,"menu_order":0,"comment_status":"closed","ping_status":"closed","template":"full_width.php","meta":{"footnotes":""},"class_list":["post-1177","page","type-page","status-publish","hentry"],"yoast_head":"<!-- This site is optimized with the Yoast SEO Premium plugin v21.2 (Yoast SEO v27.3) - https:\/\/yoast.com\/product\/yoast-seo-premium-wordpress\/ -->\n<title>Sobre Ana Latorre - Disenyadora de Motion Graphics<\/title>\n<meta name=\"description\" content=\"Coneix m\u00e9s sobre Ana Latorre, la seva traject\u00f2ria i passi\u00f3 pel disseny de motion graphics i animaci\u00f3. Descobreix la seva visi\u00f3 i experi\u00e8ncia.\" \/>\n<meta name=\"robots\" content=\"index, follow, max-snippet:-1, max-image-preview:large, max-video-preview:-1\" \/>\n<link rel=\"canonical\" href=\"https:\/\/analatorre.com\/ca\/serveis\/\" \/>\n<meta property=\"og:locale\" content=\"ca_ES\" \/>\n<meta property=\"og:type\" content=\"article\" \/>\n<meta property=\"og:title\" content=\"Serveis\" \/>\n<meta property=\"og:description\" content=\"Coneix m\u00e9s sobre Ana Latorre, la seva traject\u00f2ria i passi\u00f3 pel disseny de motion graphics i animaci\u00f3. Descobreix la seva visi\u00f3 i experi\u00e8ncia.\" \/>\n<meta property=\"og:url\" content=\"https:\/\/analatorre.com\/ca\/serveis\/\" \/>\n<meta property=\"og:site_name\" content=\"Ana Latorre\" \/>\n<meta property=\"article:modified_time\" content=\"2023-11-17T10:45:55+00:00\" \/>\n<meta name=\"twitter:card\" content=\"summary_large_image\" \/>\n<meta name=\"twitter:label1\" content=\"Temps estimat de lectura\" \/>\n\t<meta name=\"twitter:data1\" content=\"3 minuts\" \/>\n<script type=\"application\/ld+json\" class=\"yoast-schema-graph\">{\"@context\":\"https:\\\/\\\/schema.org\",\"@graph\":[{\"@type\":\"WebPage\",\"@id\":\"https:\\\/\\\/analatorre.com\\\/ca\\\/serveis\\\/\",\"url\":\"https:\\\/\\\/analatorre.com\\\/ca\\\/serveis\\\/\",\"name\":\"Sobre Ana Latorre - Disenyadora de Motion Graphics\",\"isPartOf\":{\"@id\":\"https:\\\/\\\/analatorre.com\\\/#website\"},\"datePublished\":\"2023-10-26T07:42:25+00:00\",\"dateModified\":\"2023-11-17T10:45:55+00:00\",\"description\":\"Coneix m\u00e9s sobre Ana Latorre, la seva traject\u00f2ria i passi\u00f3 pel disseny de motion graphics i animaci\u00f3. Descobreix la seva visi\u00f3 i experi\u00e8ncia.\",\"breadcrumb\":{\"@id\":\"https:\\\/\\\/analatorre.com\\\/ca\\\/serveis\\\/#breadcrumb\"},\"inLanguage\":\"ca\",\"potentialAction\":[{\"@type\":\"ReadAction\",\"target\":[\"https:\\\/\\\/analatorre.com\\\/ca\\\/serveis\\\/\"]}]},{\"@type\":\"BreadcrumbList\",\"@id\":\"https:\\\/\\\/analatorre.com\\\/ca\\\/serveis\\\/#breadcrumb\",\"itemListElement\":[{\"@type\":\"ListItem\",\"position\":1,\"name\":\"Home\",\"item\":\"https:\\\/\\\/analatorre.com\\\/ca\\\/home\\\/\"},{\"@type\":\"ListItem\",\"position\":2,\"name\":\"Serveis\"}]},{\"@type\":\"WebSite\",\"@id\":\"https:\\\/\\\/analatorre.com\\\/#website\",\"url\":\"https:\\\/\\\/analatorre.com\\\/\",\"name\":\"Ana Latorre\",\"description\":\"\",\"potentialAction\":[{\"@type\":\"SearchAction\",\"target\":{\"@type\":\"EntryPoint\",\"urlTemplate\":\"https:\\\/\\\/analatorre.com\\\/?s={search_term_string}\"},\"query-input\":{\"@type\":\"PropertyValueSpecification\",\"valueRequired\":true,\"valueName\":\"search_term_string\"}}],\"inLanguage\":\"ca\"}]}<\/script>\n<!-- \/ Yoast SEO Premium plugin. -->","yoast_head_json":{"title":"Sobre Ana Latorre - Disenyadora de Motion Graphics","description":"Coneix m\u00e9s sobre Ana Latorre, la seva traject\u00f2ria i passi\u00f3 pel disseny de motion graphics i animaci\u00f3. Descobreix la seva visi\u00f3 i experi\u00e8ncia.","robots":{"index":"index","follow":"follow","max-snippet":"max-snippet:-1","max-image-preview":"max-image-preview:large","max-video-preview":"max-video-preview:-1"},"canonical":"https:\/\/analatorre.com\/ca\/serveis\/","og_locale":"ca_ES","og_type":"article","og_title":"Serveis","og_description":"Coneix m\u00e9s sobre Ana Latorre, la seva traject\u00f2ria i passi\u00f3 pel disseny de motion graphics i animaci\u00f3. Descobreix la seva visi\u00f3 i experi\u00e8ncia.","og_url":"https:\/\/analatorre.com\/ca\/serveis\/","og_site_name":"Ana Latorre","article_modified_time":"2023-11-17T10:45:55+00:00","twitter_card":"summary_large_image","twitter_misc":{"Temps estimat de lectura":"3 minuts"},"schema":{"@context":"https:\/\/schema.org","@graph":[{"@type":"WebPage","@id":"https:\/\/analatorre.com\/ca\/serveis\/","url":"https:\/\/analatorre.com\/ca\/serveis\/","name":"Sobre Ana Latorre - Disenyadora de Motion Graphics","isPartOf":{"@id":"https:\/\/analatorre.com\/#website"},"datePublished":"2023-10-26T07:42:25+00:00","dateModified":"2023-11-17T10:45:55+00:00","description":"Coneix m\u00e9s sobre Ana Latorre, la seva traject\u00f2ria i passi\u00f3 pel disseny de motion graphics i animaci\u00f3. Descobreix la seva visi\u00f3 i experi\u00e8ncia.","breadcrumb":{"@id":"https:\/\/analatorre.com\/ca\/serveis\/#breadcrumb"},"inLanguage":"ca","potentialAction":[{"@type":"ReadAction","target":["https:\/\/analatorre.com\/ca\/serveis\/"]}]},{"@type":"BreadcrumbList","@id":"https:\/\/analatorre.com\/ca\/serveis\/#breadcrumb","itemListElement":[{"@type":"ListItem","position":1,"name":"Home","item":"https:\/\/analatorre.com\/ca\/home\/"},{"@type":"ListItem","position":2,"name":"Serveis"}]},{"@type":"WebSite","@id":"https:\/\/analatorre.com\/#website","url":"https:\/\/analatorre.com\/","name":"Ana Latorre","description":"","potentialAction":[{"@type":"SearchAction","target":{"@type":"EntryPoint","urlTemplate":"https:\/\/analatorre.com\/?s={search_term_string}"},"query-input":{"@type":"PropertyValueSpecification","valueRequired":true,"valueName":"search_term_string"}}],"inLanguage":"ca"}]}},"_links":{"self":[{"href":"https:\/\/analatorre.com\/ca\/wp-json\/wp\/v2\/pages\/1177","targetHints":{"allow":["GET"]}}],"collection":[{"href":"https:\/\/analatorre.com\/ca\/wp-json\/wp\/v2\/pages"}],"about":[{"href":"https:\/\/analatorre.com\/ca\/wp-json\/wp\/v2\/types\/page"}],"author":[{"embeddable":true,"href":"https:\/\/analatorre.com\/ca\/wp-json\/wp\/v2\/users\/2"}],"replies":[{"embeddable":true,"href":"https:\/\/analatorre.com\/ca\/wp-json\/wp\/v2\/comments?post=1177"}],"version-history":[{"count":2,"href":"https:\/\/analatorre.com\/ca\/wp-json\/wp\/v2\/pages\/1177\/revisions"}],"predecessor-version":[{"id":1269,"href":"https:\/\/analatorre.com\/ca\/wp-json\/wp\/v2\/pages\/1177\/revisions\/1269"}],"wp:attachment":[{"href":"https:\/\/analatorre.com\/ca\/wp-json\/wp\/v2\/media?parent=1177"}],"curies":[{"name":"wp","href":"https:\/\/api.w.org\/{rel}","templated":true}]}}