{"id":1175,"date":"2023-07-18T10:55:26","date_gmt":"2023-07-18T10:55:26","guid":{"rendered":"https:\/\/analatorre.com\/politica-de-privacitat\/"},"modified":"2023-11-08T11:16:21","modified_gmt":"2023-11-08T11:16:21","slug":"politica-de-privacitat","status":"publish","type":"page","link":"https:\/\/analatorre.com\/ca\/politica-de-privacitat\/","title":{"rendered":"Pol\u00edtica de privacitat"},"content":{"rendered":"\n<p>La protecci\u00f3 de les dades de car\u00e0cter personal \u00e9s una de les preocupacions de major import\u00e0ncia per a aquesta organitzaci\u00f3.<\/p>\n\n\n\n<p>En el nostre dia a dia ens esforcem per a protegir la privacitat de les dades que ens facilita i complir amb la normativa vigent en mat\u00e8ria de protecci\u00f3 de dades de car\u00e0cter personal.<\/p>\n\n\n\n<p>L&#8217;objectiu d&#8217;aquesta pol\u00edtica \u00e9s informar els interessats sobre els diferents tractaments realitzats per aquesta organitzaci\u00f3 i que afectin les seves dades personals de conformitat amb el que s&#8217;estableix en la Llei org\u00e0nica 3\/2018, de 5 de desembre, de Protecci\u00f3 de Dades Personals i garantia dels drets digitals i el Reglament (UE) 2016\/679 del Parlament Europeu i del Consell de 27 d&#8217;abril de 2016.<\/p>\n\n\n\n<p><strong>1. IDENTIFICACI\u00d3 I DADES DE CONTACTE DEL RESPONSABLE.<\/strong><\/p>\n\n\n\n<p>ANALATORRE i correu electr\u00f2nic <strong><a href=\"mailto:hola@analatorre.com\">hola@analatorre.com<\/a><\/strong><\/p>\n\n\n\n<p><strong>2. FINALITATS DEL TRACTAMENT DE LES SEVES DADES PERSONALS<\/strong><\/p>\n\n\n\n<p><strong>NAVEGANTS DE LA P\u00c0GINA WEB DEL RESPONSABLE.<\/strong><\/p>\n\n\n\n<p>Tractarem les seves dades de car\u00e0cter personal facilitats a trav\u00e9s dels nostres formularis web per a:<\/p>\n\n\n\n<ul class=\"wp-block-list\">\n<li>Atendre les sol\u00b7licituds, queixes i incid\u00e8ncies traslladades a trav\u00e9s dels nostres canals de contacte incorporats en la p\u00e0gina web.<\/li>\n<\/ul>\n\n\n\n<ul class=\"wp-block-list\">\n<li>Entendre el comportament del navegant dins de la web amb la finalitat de detectar possibles atacs inform\u00e0tics a la nostra web.<\/li>\n\n\n\n<li>Complir amb les obligacions legals que ens resultin directament aplicables i regulin la nostra activitat.<\/li>\n\n\n\n<li>Per a protegir i exercir els nostres drets o respondre davant reclamacions de qualsevol \u00edndole.<\/li>\n\n\n\n<li>Enviament de newsletter relatives als b\u00e9ns o serveis que conformen l&#8217;activitat del responsable o not\u00edcies relacionades amb la nostra activitat i servei.<\/li>\n<\/ul>\n\n\n\n<p><strong>CLIENTS I PROVE\u00cfDORS.<\/strong><\/p>\n\n\n\n<p>Tractarem les seves dades de car\u00e0cter personal facilitats a trav\u00e9s dels nostres formularis web per a:<\/p>\n\n\n\n<ul class=\"wp-block-list\">\n<li>L&#8217;execuci\u00f3 de mesures precontractuals en les quals vost\u00e8 sigui part en cas que adquireixi o contracti els nostres b\u00e9ns o serveis.<\/li>\n\n\n\n<li>Atendre les sol\u00b7licituds, queixes i incid\u00e8ncies traslladades a trav\u00e9s dels nostres canals de contacte incorporats en la p\u00e0gina web.<\/li>\n\n\n\n<li>Entendre el comportament del navegant dins de la web amb la finalitat de detectar possibles atacs inform\u00e0tics a la nostra web.<\/li>\n\n\n\n<li>Realitzar enquestes de qualitat.<\/li>\n\n\n\n<li>Enviament de newsletter sobre not\u00edcies relacionades amb l&#8217;activitat del responsable.<\/li>\n\n\n\n<li>Enviament de comunicacions comercials relatives als b\u00e9ns o serveis que conformen l&#8217;activitat del responsable.<\/li>\n\n\n\n<li>Enviament d&#8217;informaci\u00f3 comercials relatives als b\u00e9ns o serveis que conformen l&#8217;activitat del responsable.<\/li>\n\n\n\n<li>Complir amb les obligacions legals que ens resultin directament aplicables i regulin la nostra activitat.<\/li>\n\n\n\n<li>Per a administrar les seves dades i facilitar-los, si \u00e9s el cas, a prove\u00efdors externs per al correcte funcionament del nostre negoci.<\/li>\n\n\n\n<li>Per a protegir i exercir els nostres drets o respondre davant reclamacions de qualsevol \u00edndole.<\/li>\n\n\n\n<li>Compliment d&#8217;una obligaci\u00f3 legal. En determinats casos, ser\u00e0 necessari tractar les seves dades per a complir amb una obligaci\u00f3 legal, com per exemple, acatar els mandats judicials, els requeriments o ordres provinents d&#8217;organismes encarregats del compliment de la llei o altres autoritats o administracions p\u00fabliques i governamentals, fins i tot quan es trobin fos del seu pa\u00eds de resid\u00e8ncia. D&#8217;igual mode, podrem facilitar les seves dades personals per a atendre les sol\u00b7licituds que aquests ens facin per a la prevenci\u00f3, detecci\u00f3 o recerca d&#8217;un delicte o una altra infracci\u00f3 de l&#8217;ordenament jur\u00eddic.<\/li>\n<\/ul>\n\n\n\n<p>En determinats casos, tractarem les dades personals per a millorar els nostres serveis i la seva experi\u00e8ncia en la navegaci\u00f3 i \u00fas de la p\u00e0gina web. De la mateixa manera, ser\u00e0 necessari l&#8217;\u00fas d&#8217;aquests per a protegir els nostres drets o respondre davant reclamacions de qualsevol \u00edndole.<\/p>\n\n\n\n<ul class=\"wp-block-list\">\n<li>Gesti\u00f3 d&#8217;incid\u00e8ncies.<\/li>\n\n\n\n<li>Estudi valoratiu i estad\u00edstic de clients.<\/li>\n<\/ul>\n\n\n\n<p><strong>CANDIDATS A OFERTES DE TREBALL O POSTULANTS A OCUPACI\u00d3.<\/strong><\/p>\n\n\n\n<p>Tractarem les seves dades de car\u00e0cter personal facilitats a trav\u00e9s dels nostres formularis web per a:<\/p>\n\n\n\n<ul class=\"wp-block-list\">\n<li>Per a gestionar els processos de selecci\u00f3 de personal realitzats en l&#8217;organitzaci\u00f3 als quals s&#8217;ha postulat enviant el seu Curriculum vitae i\/o carta de presentaci\u00f3 a trav\u00e9s del formulari \u201ctreballa amb nosaltres\u201d o al correu electr\u00f2nic facilitat en la p\u00e0gina web<\/li>\n\n\n\n<li>Entendre el comportament del navegant dins de la web amb la finalitat de detectar possibles atacs inform\u00e0tics a la nostra web.<\/li>\n\n\n\n<li>Per a protegir i exercir els nostres drets o respondre davant reclamacions de qualsevol \u00edndole<\/li>\n\n\n\n<li>Enviament de comunicacions relatives a noves ofertes de treball.<\/li>\n\n\n\n<li>Enviament de comunicacions relatives a esdeveniments, activitats, congressos en els quals l&#8217;organitzaci\u00f3 participi.<\/li>\n<\/ul>\n\n\n\n<p><strong>3. LEGITIMACI\u00d3 DEL TRACTAMENT.<\/strong><\/p>\n\n\n\n<p><strong>USUARIS NAVEGANTS EN LA P\u00c0GINA WEB DEL RESPONSABLE.<\/strong><\/p>\n\n\n\n<p>La base per la qual se sustenta el tractament de les dades de car\u00e0cter personal per part de l&#8217;organitzaci\u00f3 es troba emparada en:<\/p>\n\n\n\n<ul class=\"wp-block-list\">\n<li>El consentiment de l&#8217;interessat per a:\n<ul class=\"wp-block-list\">\n<li>Atendre les sol\u00b7licituds, queixes i incid\u00e8ncies traslladades a trav\u00e9s dels nostres canals de contacte incorporats en la p\u00e0gina web.<\/li>\n\n\n\n<li>Enviament de newsletter relatives als b\u00e9ns o serveis que conformen l&#8217;activitat del responsable o not\u00edcies relacionades amb la seva activitat.<\/li>\n\n\n\n<li>Enviament de comunicats i enquestes, aix\u00ed com estudi estad\u00edstic i valoratiu de clients, per a millorar els nostres serveis i la seva experi\u00e8ncia en la navegaci\u00f3 i \u00fas de la p\u00e0gina web<\/li>\n<\/ul>\n<\/li>\n<\/ul>\n\n\n\n<p>La negativa a facilitar les seves dades personals comport\u00e9s la impossibilitat de tractar les seves dades amb les finalitats esmentades.<\/p>\n\n\n\n<ul class=\"wp-block-list\">\n<li>Inter\u00e8s legitimo del responsable del tractament.\n<ul class=\"wp-block-list\">\n<li>Entendre el comportament del navegant dins de la web amb la finalitat de detectar possibles atacs inform\u00e0tics a la nostra web.<\/li>\n\n\n\n<li>Per a protegir i exercir els nostres drets o respondre davant reclamacions de qualsevol \u00edndole<\/li>\n<\/ul>\n<\/li>\n<\/ul>\n\n\n\n<p><strong>CLIENTS I PROVE\u00cfDORS.<\/strong><\/p>\n\n\n\n<p>La base per la qual se sustenta el tractament de les dades de car\u00e0cter personal per part de l&#8217;organitzaci\u00f3 es troba emparada en:<\/p>\n\n\n\n<ul class=\"wp-block-list\">\n<li>L&#8217;execuci\u00f3 d&#8217;un contracte en el qual \u00e9s part o aplicaci\u00f3 de mesures precontractuals.\n<ul class=\"wp-block-list\">\n<li>Gestionar i prestar de manera correcta i adequada el servei contractat a trav\u00e9s d&#8217;aquesta p\u00e0gina web.<\/li>\n\n\n\n<li>Realitzar totes les gestions necess\u00e0ries amb la finalitat d&#8217;assegurar la recepci\u00f3 del producte adquirit a trav\u00e9s d&#8217;aquesta p\u00e0gina web.<\/li>\n\n\n\n<li>La gesti\u00f3 administrativa, comptable i fiscal de la relaci\u00f3 establerta amb els nostres clients quan aquests ens hagin contractat.<\/li>\n\n\n\n<li>L&#8217;enviament de comunicacions relacionades amb els serveis, activitats o esdeveniments oferts i\/o desenvolupats per l&#8217;organitzaci\u00f3<\/li>\n<\/ul>\n<\/li>\n<\/ul>\n\n\n\n<p>La negativa a facilitar les seves dades personals podr\u00e0 comportar la impossibilitat de prestar-li el servei sol\u00b7licitat o gestionar la compra del producte que desitja adquirir.<\/p>\n\n\n\n<ul class=\"wp-block-list\">\n<li>El consentiment de l&#8217;interessat per a:\n<ul class=\"wp-block-list\">\n<li>L&#8217;execuci\u00f3 de mesures precontractuals en les quals vost\u00e8 sigui part en cas que adquireixi o contracti els nostres b\u00e9ns o serveis.<\/li>\n\n\n\n<li>Atendre les consultes, queixes o incid\u00e8ncies traslladades a trav\u00e9s dels nostres canals de contacte i enviar la informaci\u00f3 sol\u00b7licitada.<\/li>\n\n\n\n<li>Enviament d&#8217;informaci\u00f3 comercials relatives als b\u00e9ns o serveis que conformen l&#8217;activitat del responsable.<\/li>\n\n\n\n<li>Enviament de newsletter sobre not\u00edcies relacionades amb l&#8217;activitat del responsable.<\/li>\n\n\n\n<li>Realitzar enquestes de qualitat.<\/li>\n\n\n\n<li>Realitzar sortejos i presentaci\u00f3 d&#8217;ofertes dels nostres serveis.<\/li>\n<\/ul>\n<\/li>\n<\/ul>\n\n\n\n<p>La negativa a facilitar les seves dades personals podr\u00e0 comportar la impossibilitat de prestar-li el servei sol\u00b7licitat o gestionar la compra del producte que desitja adquirir.<\/p>\n\n\n\n<ul class=\"wp-block-list\">\n<li>Obligaci\u00f3 legal aplicable al responsable del tractament.\n<ul class=\"wp-block-list\">\n<li>Complir amb les obligacions legals que ens resultin directament aplicables i regulin la nostra activitat.<\/li>\n<\/ul>\n<\/li>\n<\/ul>\n\n\n\n<p>En aquest cas, l&#8217;interessat no podr\u00e0 negar-se al tractament de les dades personals.<\/p>\n\n\n\n<ul class=\"wp-block-list\">\n<li>Inter\u00e8s legitimo del responsable del tractament.\n<ul class=\"wp-block-list\">\n<li>Entendre el comportament del navegant dins de la web amb la finalitat de detectar possibles atacs inform\u00e0tics a la nostra web.<\/li>\n\n\n\n<li>Per a administrar les seves dades i facilitar-los, si \u00e9s el cas, a prove\u00efdors externs per al correcte funcionament del nostre negoci.<\/li>\n\n\n\n<li>Per a protegir i exercir els nostres drets o respondre davant reclamacions de qualsevol \u00edndole.<\/li>\n<\/ul>\n<\/li>\n<\/ul>\n\n\n\n<p><strong>CANDIDATS A OCUPACI\u00d3:<\/strong><\/p>\n\n\n\n<p>La base per la qual se sustenta el tractament de les dades de car\u00e0cter personal per part de l&#8217;organitzaci\u00f3, es troba emparada en:<\/p>\n\n\n\n<ul class=\"wp-block-list\">\n<li>El consentiment de l&#8217;interessat per a:\n<ul class=\"wp-block-list\">\n<li>Per a incorporar la seva candidatura al proc\u00e9s de selecci\u00f3 de personal.<\/li>\n\n\n\n<li>Per a incorporar el seu CV a la nostra base de dades amb la finalitat de poder col\u00b7laborar per a fins concrets.<\/li>\n\n\n\n<li>Enviament de comunicacions relatives a noves ofertes de treball.<\/li>\n\n\n\n<li>Enviament de comunicacions relatives a esdeveniments, activitats, congressos en els quals l&#8217;organitzaci\u00f3 participi.<\/li>\n<\/ul>\n<\/li>\n<\/ul>\n\n\n\n<p>La negativa a facilitar les seves dades personals comport\u00e9s la impossibilitat de tractar les seves dades amb les finalitats esmentades.<\/p>\n\n\n\n<ul class=\"wp-block-list\">\n<li>Inter\u00e8s legitimo del responsable del tractament.\n<ul class=\"wp-block-list\">\n<li>Entendre el comportament del navegant dins de la web amb la finalitat de detectar possibles atacs inform\u00e0tics a la nostra web.<\/li>\n\n\n\n<li>Per a protegir i exercir els nostres drets o respondre davant reclamacions de qualsevol \u00edndole<\/li>\n<\/ul>\n<\/li>\n<\/ul>\n\n\n\n<p>4. TERMINIS O CRITERIS DE CONSERVACI\u00d3 DE LES DADES.<\/p>\n\n\n\n<p>Les dades personals proporcionades es conservaran de conformitat amb els seg\u00fcents criteris:<\/p>\n\n\n\n<ul class=\"wp-block-list\">\n<li>El temps necessari per a complir amb les finalitats per als quals van ser recopilats inicialment.<\/li>\n\n\n\n<li>Una vegada que les dades deixin de ser necessaris per al tractament en q\u00fcesti\u00f3, aquests es mantindran degudament bloquejats per a, si \u00e9s el cas, posar-los a la disposici\u00f3 de les Administracions i Organismes P\u00fabliques competents, Jutges i Tribunals o el Ministeri Fiscal, d&#8217;acord amb el durant el termini de prescripci\u00f3 de les accions que poguessin derivar-se de la relaci\u00f3 mantinguda amb el client i\/o els terminis de conservaci\u00f3 prevists legalment.<\/li>\n<\/ul>\n\n\n\n<p>Les dades personals proporcionades es conservaran de conformitat amb els terminis establerts en la normativa seg\u00fcent:<\/p>\n\n\n\n<ul class=\"wp-block-list\">\n<li>EL CODI CIVIL.&nbsp;Entre 5 o 15 anys segons el cas, atenent el que es disposa en l&#8217;article 1964.2 del cos legal esmentat.<\/li>\n\n\n\n<li>EL CODI DEL COMER\u00c7.<\/li>\n\n\n\n<li>LA LLEI GENERAL TRIBUT\u00c0RIA.&nbsp; Durant 4 anys atenent a disposat en els articles 66 a 70 del cos legal esmentat. S&#8217;aplica a la informaci\u00f3 relacionada amb les obligacions fiscals.<\/li>\n<\/ul>\n\n\n\n<p>Totes les altres lleis que resultin d&#8217;aplicaci\u00f3 en cada Comunitat Aut\u00f2noma segons les compet\u00e8ncies auton\u00f2miques cedides o concurrents que tinguin reconegudes a nivell estatal.<\/p>\n\n\n\n<p><strong>5. DECISIONS AUTOMATITZADES I ELABORACI\u00d3 DE PERFILS.<\/strong><\/p>\n\n\n\n<p>La p\u00e0gina web no pren decisions automatitzades ni elabora perfils.<\/p>\n\n\n\n<p><strong>6. DECISIONS AUTOMATITZADES I ELABORACI\u00d3 DE PERFILS.<\/strong><\/p>\n\n\n\n<p>Durant el per\u00edode de durada del tractament de les seves dades personals, l&#8217;organitzaci\u00f3 podr\u00e0 cedir les seves dades als seg\u00fcents destinataris:<\/p>\n\n\n\n<ol class=\"wp-block-list\">\n<li>Jutges i Tribunals, Forces i Cossos de Seguretat de l&#8217;Estat, i en general, autoritats o organismes p\u00fablics competents, quan el responsable tingui l&#8217;obligaci\u00f3 legal de facilitar les dades personals.<\/li>\n\n\n\n<li>Bancs i Entitats Financeres, en el cas que ens contracti.<\/li>\n\n\n\n<li>SEPBLAC.<\/li>\n\n\n\n<li>L&#8217;En el cas que es produeixi aquesta cessi\u00f3, l&#8217;organitzaci\u00f3 es compromet a informar sobre aquests aspectes i recaptar el seu consentiment de manera expressa, tret que es tracti d&#8217;una obligaci\u00f3 legamente imposada al responsable del tractament.<\/li>\n<\/ol>\n\n\n\n<p><strong>7. TRANSFER\u00c8NCIES INTERNACIONALS DE DADES.<\/strong><\/p>\n\n\n\n<p>L&#8217;organitzaci\u00f3 no realitza Transfer\u00e8ncia Internacional de Dades alguna.<\/p>\n\n\n\n<p><strong>8. DRETS<\/strong><\/p>\n\n\n\n<p>Els interessats podran exercir en qualsevol moment i de forma totalment gratu\u00efta els drets de&nbsp;acc\u00e9s, rectificaci\u00f3 i supressi\u00f3, aix\u00ed com sol\u00b7licitar que es limiti el tractament de les seves dades personals, oposar-se a aquest, sol\u00b7licitar la portabilitat d&#8217;aquests (sempre que sigui t\u00e8cnicament possible) o retirar el consentiment prestat, i si \u00e9s el cas, quan escaigui, a no ser objecte d&#8217;una decisi\u00f3 basada \u00fanicament en un tractament automatitzat, incl\u00f2s l&#8217;elaboraci\u00f3 de perfils.<\/p>\n\n\n\n<p>Per a aix\u00f2 podr\u00e0 emprar els formularis habilitats per l&#8217;organitzaci\u00f3, o b\u00e9 dirigir un escrit a l&#8217;adre\u00e7a postal o correu electr\u00f2nic indicades m\u00e9s amunt. En qualsevol cas, la seva sol\u00b7licitud haur\u00e0 d&#8217;acompanyar-se d&#8217;una fotoc\u00f2pia del seu DNI o document equivalent, amb la finalitat d&#8217;acreditar la seva identitat.<\/p>\n\n\n\n<p>En cas que senti vulnerats els seus drets pel que concerneix la protecci\u00f3 de les seves dades personals, especialment quan no hagi obtingut satisfacci\u00f3 en l&#8217;exercici dels seus drets, pot presentar una reclamaci\u00f3 davant l&#8217;Autoritat de Control en mat\u00e8ria de Protecci\u00f3 de Dades competent&nbsp;(Ag\u00e8ncia Espanyola de Protecci\u00f3 de Dades), a trav\u00e9s del seu lloc web: www.agpd.es.<\/p>\n\n\n\n<p>En compliment del que es disposa en l&#8217;article 21 de la Llei 34\/2002 de serveis de la societat de la informaci\u00f3 i comer\u00e7 electr\u00f2nic, si vost\u00e8 no desitja rebre m\u00e9s informaci\u00f3 sobre els nostres serveis, pot donar-se de baixa enviant un correu electr\u00f2nic a l&#8217;adre\u00e7a <strong><a href=\"mailto:hola@analatorre.com\">hola@analatorre.com<\/a><\/strong> amb l&#8217;assumpte \u201cBAIXES\u201d.<\/p>\n\n\n\n<p><strong>9. VERACITAT DE LES DADES.<\/strong><\/p>\n\n\n\n<p>L&#8217;interessat garanteix que les dades aportades s\u00f3n veritables, exactes, complets i es troben actualitzats; comprometent-se a informar de qualsevol canvi respecte de les dades que aport\u00e9s, pels canals habilitats a aquest efecte i indicats en el punt un de la present pol\u00edtica. Ser\u00e0 responsable de qualsevol mal o perjudici, tant directe com indirecte, que pogu\u00e9s ocasionar a conseq\u00fc\u00e8ncia de l&#8217;incompliment de la present obligaci\u00f3.<\/p>\n\n\n\n<p>En el cas que l&#8217;usuari faciliti dades de tercers, declara que compta amb el consentiment dels interessats i es compromet a traslladar-li la informaci\u00f3 continguda en aquesta cl\u00e0usula, eximint a l&#8217;organitzaci\u00f3 de qualsevol responsabilitat derivada per la falta de compliment de la present obligaci\u00f3.<\/p>\n","protected":false},"excerpt":{"rendered":"<p>La protecci\u00f3 de les dades de car\u00e0cter personal \u00e9s una de les preocupacions de major import\u00e0ncia per a aquesta organitzaci\u00f3. En el nostre dia a dia ens esforcem per a protegir la privacitat de les dades que ens facilita i complir amb la normativa vigent&#8230;<\/p>\n","protected":false},"author":1,"featured_media":0,"parent":0,"menu_order":0,"comment_status":"closed","ping_status":"open","template":"","meta":{"footnotes":""},"class_list":["post-1175","page","type-page","status-publish","hentry"],"yoast_head":"<!-- This site is optimized with the Yoast SEO Premium plugin v21.2 (Yoast SEO v27.5) - https:\/\/yoast.com\/product\/yoast-seo-premium-wordpress\/ -->\n<title>Pol\u00edtica de privacitat - Ana Latorre<\/title>\n<meta name=\"robots\" content=\"index, follow, max-snippet:-1, max-image-preview:large, max-video-preview:-1\" \/>\n<link rel=\"canonical\" href=\"https:\/\/analatorre.com\/ca\/politica-de-privacitat\/\" \/>\n<meta property=\"og:locale\" content=\"ca_ES\" \/>\n<meta property=\"og:type\" content=\"article\" \/>\n<meta property=\"og:title\" content=\"Pol\u00edtica de privacitat\" \/>\n<meta property=\"og:description\" content=\"La protecci\u00f3 de les dades de car\u00e0cter personal \u00e9s una de les preocupacions de major import\u00e0ncia per a aquesta organitzaci\u00f3. En el nostre dia a dia ens esforcem per a protegir la privacitat de les dades que ens facilita i complir amb la normativa vigent...\" \/>\n<meta property=\"og:url\" content=\"https:\/\/analatorre.com\/ca\/politica-de-privacitat\/\" \/>\n<meta property=\"og:site_name\" content=\"Ana Latorre\" \/>\n<meta property=\"article:modified_time\" content=\"2023-11-08T11:16:21+00:00\" \/>\n<meta name=\"twitter:card\" content=\"summary_large_image\" \/>\n<meta name=\"twitter:label1\" content=\"Temps estimat de lectura\" \/>\n\t<meta name=\"twitter:data1\" content=\"11 minuts\" \/>\n<script type=\"application\/ld+json\" class=\"yoast-schema-graph\">{\"@context\":\"https:\\\/\\\/schema.org\",\"@graph\":[{\"@type\":\"WebPage\",\"@id\":\"https:\\\/\\\/analatorre.com\\\/ca\\\/politica-de-privacitat\\\/\",\"url\":\"https:\\\/\\\/analatorre.com\\\/ca\\\/politica-de-privacitat\\\/\",\"name\":\"Pol\u00edtica de privacitat - Ana Latorre\",\"isPartOf\":{\"@id\":\"https:\\\/\\\/analatorre.com\\\/#website\"},\"datePublished\":\"2023-07-18T10:55:26+00:00\",\"dateModified\":\"2023-11-08T11:16:21+00:00\",\"breadcrumb\":{\"@id\":\"https:\\\/\\\/analatorre.com\\\/ca\\\/politica-de-privacitat\\\/#breadcrumb\"},\"inLanguage\":\"ca\",\"potentialAction\":[{\"@type\":\"ReadAction\",\"target\":[\"https:\\\/\\\/analatorre.com\\\/ca\\\/politica-de-privacitat\\\/\"]}]},{\"@type\":\"BreadcrumbList\",\"@id\":\"https:\\\/\\\/analatorre.com\\\/ca\\\/politica-de-privacitat\\\/#breadcrumb\",\"itemListElement\":[{\"@type\":\"ListItem\",\"position\":1,\"name\":\"Home\",\"item\":\"https:\\\/\\\/analatorre.com\\\/ca\\\/home\\\/\"},{\"@type\":\"ListItem\",\"position\":2,\"name\":\"Pol\u00edtica de privacitat\"}]},{\"@type\":\"WebSite\",\"@id\":\"https:\\\/\\\/analatorre.com\\\/#website\",\"url\":\"https:\\\/\\\/analatorre.com\\\/\",\"name\":\"Ana Latorre\",\"description\":\"\",\"potentialAction\":[{\"@type\":\"SearchAction\",\"target\":{\"@type\":\"EntryPoint\",\"urlTemplate\":\"https:\\\/\\\/analatorre.com\\\/?s={search_term_string}\"},\"query-input\":{\"@type\":\"PropertyValueSpecification\",\"valueRequired\":true,\"valueName\":\"search_term_string\"}}],\"inLanguage\":\"ca\"}]}<\/script>\n<!-- \/ Yoast SEO Premium plugin. -->","yoast_head_json":{"title":"Pol\u00edtica de privacitat - Ana Latorre","robots":{"index":"index","follow":"follow","max-snippet":"max-snippet:-1","max-image-preview":"max-image-preview:large","max-video-preview":"max-video-preview:-1"},"canonical":"https:\/\/analatorre.com\/ca\/politica-de-privacitat\/","og_locale":"ca_ES","og_type":"article","og_title":"Pol\u00edtica de privacitat","og_description":"La protecci\u00f3 de les dades de car\u00e0cter personal \u00e9s una de les preocupacions de major import\u00e0ncia per a aquesta organitzaci\u00f3. En el nostre dia a dia ens esforcem per a protegir la privacitat de les dades que ens facilita i complir amb la normativa vigent...","og_url":"https:\/\/analatorre.com\/ca\/politica-de-privacitat\/","og_site_name":"Ana Latorre","article_modified_time":"2023-11-08T11:16:21+00:00","twitter_card":"summary_large_image","twitter_misc":{"Temps estimat de lectura":"11 minuts"},"schema":{"@context":"https:\/\/schema.org","@graph":[{"@type":"WebPage","@id":"https:\/\/analatorre.com\/ca\/politica-de-privacitat\/","url":"https:\/\/analatorre.com\/ca\/politica-de-privacitat\/","name":"Pol\u00edtica de privacitat - Ana Latorre","isPartOf":{"@id":"https:\/\/analatorre.com\/#website"},"datePublished":"2023-07-18T10:55:26+00:00","dateModified":"2023-11-08T11:16:21+00:00","breadcrumb":{"@id":"https:\/\/analatorre.com\/ca\/politica-de-privacitat\/#breadcrumb"},"inLanguage":"ca","potentialAction":[{"@type":"ReadAction","target":["https:\/\/analatorre.com\/ca\/politica-de-privacitat\/"]}]},{"@type":"BreadcrumbList","@id":"https:\/\/analatorre.com\/ca\/politica-de-privacitat\/#breadcrumb","itemListElement":[{"@type":"ListItem","position":1,"name":"Home","item":"https:\/\/analatorre.com\/ca\/home\/"},{"@type":"ListItem","position":2,"name":"Pol\u00edtica de privacitat"}]},{"@type":"WebSite","@id":"https:\/\/analatorre.com\/#website","url":"https:\/\/analatorre.com\/","name":"Ana Latorre","description":"","potentialAction":[{"@type":"SearchAction","target":{"@type":"EntryPoint","urlTemplate":"https:\/\/analatorre.com\/?s={search_term_string}"},"query-input":{"@type":"PropertyValueSpecification","valueRequired":true,"valueName":"search_term_string"}}],"inLanguage":"ca"}]}},"_links":{"self":[{"href":"https:\/\/analatorre.com\/ca\/wp-json\/wp\/v2\/pages\/1175","targetHints":{"allow":["GET"]}}],"collection":[{"href":"https:\/\/analatorre.com\/ca\/wp-json\/wp\/v2\/pages"}],"about":[{"href":"https:\/\/analatorre.com\/ca\/wp-json\/wp\/v2\/types\/page"}],"author":[{"embeddable":true,"href":"https:\/\/analatorre.com\/ca\/wp-json\/wp\/v2\/users\/1"}],"replies":[{"embeddable":true,"href":"https:\/\/analatorre.com\/ca\/wp-json\/wp\/v2\/comments?post=1175"}],"version-history":[{"count":1,"href":"https:\/\/analatorre.com\/ca\/wp-json\/wp\/v2\/pages\/1175\/revisions"}],"predecessor-version":[{"id":1221,"href":"https:\/\/analatorre.com\/ca\/wp-json\/wp\/v2\/pages\/1175\/revisions\/1221"}],"wp:attachment":[{"href":"https:\/\/analatorre.com\/ca\/wp-json\/wp\/v2\/media?parent=1175"}],"curies":[{"name":"wp","href":"https:\/\/api.w.org\/{rel}","templated":true}]}}