{"id":1174,"date":"2023-07-27T08:58:53","date_gmt":"2023-07-27T08:58:53","guid":{"rendered":"https:\/\/analatorre.com\/politica-de-cookies\/"},"modified":"2023-11-27T08:45:09","modified_gmt":"2023-11-27T08:45:09","slug":"politica-de-cookies","status":"publish","type":"page","link":"https:\/\/analatorre.com\/ca\/politica-de-cookies\/","title":{"rendered":"Pol\u00edtica de cookies"},"content":{"rendered":"\n<p>L&#8217;objectiu d&#8217;aquesta pol\u00edtica \u00e9s informar els interessats sobre les cookies que empra aquesta p\u00e0gina web de conformitat amb el que s&#8217;estableix en la Llei 34\/2002, d&#8217;11 de juliol, de Serveis de la Societat de la Informaci\u00f3 i de Comer\u00e7 Electr\u00f2nic, i el Reglament (UE) 2016\/679 del Parlament Europeu i del Consell de 27 d&#8217;abril de 2016.<br><strong>1. \u00daS DE COOKIES. QU\u00c8 S\u00d3N LES COOKIES?<\/strong><br>La p\u00e0gina web https:\/\/www.analatorre.com\/ titularitat d&#8217;ANA LATORRE, utilitza cookies.<\/p>\n\n\n\n<p>Qu\u00e8 s\u00f3n les cookies?<\/p>\n\n\n\n<p>Les cookies s\u00f3n petits arxius de dades que es reben en el terminal des del Lloc web visitat i s&#8217;usen per a registrar unes certes interaccions de la navegaci\u00f3 en un Lloc web emmagatzemant dades que podran ser actualitzats i recuperats. Aquests arxius s&#8217;emmagatzemen en l&#8217;ordinador de l&#8217;usuari i contenen dades an\u00f2nimes que no s\u00f3n perjudicials per al teu equip. S&#8217;utilitzen per a recordar les prefer\u00e8ncies de l&#8217;usuari, com l&#8217;idioma seleccionat, dades d&#8217;acc\u00e9s o personalitzaci\u00f3 de la p\u00e0gina. Les cookies tamb\u00e9 poden ser utilitzades per a registrar informaci\u00f3 an\u00f2nima sobre com un visitant utilitza un Lloc. Per exemple, des de quina p\u00e0gina Web ha accedit, o si ha utilitzat un \u201cb\u00e0ner\u201d publicitari per a arribar.<\/p>\n\n\n\n<p><strong>2. QUINS TIPUS DE COOKIES UTILITZA AQUESTA P\u00c0GINA WEB?<\/strong><\/p>\n\n\n\n<p>Cookies utilitzades en aquest lloc web.<br>Seguint les directrius de l&#8217;Ag\u00e8ncia Espanyola de Protecci\u00f3 de Dades, procedim a detallar l&#8217;\u00fas de les cookies que aquesta p\u00e0gina web empra, amb la finalitat de promocionar-li la m\u00e0xima informaci\u00f3 possible.<br>Cookies pr\u00f2pies: S\u00f3n aquelles que s&#8217;envien a l&#8217;equip terminal de l&#8217;usuari des d&#8217;un equip o domini gestionat pel propi editor i des del qual es presta el servei sol\u00b7licitat per l&#8217;usuari.<br>A continuaci\u00f3, la llista de les quals utilitzem:<\/p>\n\n\n\n<ul class=\"wp-block-list\">\n<li>Cookies persistents: S\u00f3n un tipus de cookies en el qual les dades segueixen emmagatzemats en el terminal i poden ser accedits i tractats durant un per\u00edode definit pel responsable de la cookie, i que pot anar d&#8217;uns minuts a diversos anys.<\/li>\n\n\n\n<li>Cookies d&#8217;an\u00e0lisis: S\u00f3n aquelles que ben tractades per nosaltres o per tercers, ens permeten quantificar el nombre d&#8217;usuaris i aix\u00ed realitzar el mesurament i an\u00e0lisi estad\u00edstica de la utilitzaci\u00f3 que fan els usuaris del servei ofert. Per a aix\u00f2 s&#8217;analitza la seva navegaci\u00f3 en la nostra p\u00e0gina web amb la finalitat de millorar l&#8217;oferta de productes o serveis que li oferim.<\/li>\n<\/ul>\n\n\n\n<p>Cookies de tercers: S\u00f3n aquelles que s&#8217;envien a l&#8217;equip terminal de l&#8217;usuari des d&#8217;un equip o domini que no \u00e9s gestionat per l&#8217;editor, sin\u00f3 per una altra entitat que tracta les dades obtingudes trav\u00e9s de les cookies. A continuaci\u00f3 la llista de les quals utilitzem:<\/p>\n\n\n\n<ul class=\"wp-block-list\">\n<li>Google Analytics: Emmagatzema cookies per a poder elaborar estad\u00edstiques sobre el tr\u00e0nsit i volum de visites d&#8217;aquesta web. En utilitzar aquest lloc web est\u00e0 consentint el tractament d&#8217;informaci\u00f3 sobre vost\u00e8 per Google. Per tant, l&#8217;exercici de qualsevol dret en aquest sentit haur\u00e0 de fer-lo comunicant directament amb Google.<\/li>\n\n\n\n<li>GOOGLE ANALYTICS (GID): S&#8217;utilitza per a identificar al mateix usuari durant un \u00fanic dia.<\/li>\n\n\n\n<li>GOOGLE ANALYTICS (GAT): S&#8217;utilitza per a diferenciar entre els diferents objectes de seguiment creats en la sessi\u00f3. La cookie s&#8217;actualitza cada vegada que envia les dades a Google Analytics.<\/li>\n\n\n\n<li>Xarxes socials: Cada xarxa social utilitza les seves pr\u00f2pies cookies perqu\u00e8 vost\u00e8 pugui punxar en botons del tipus M&#8217;agrada o Compartir.<\/li>\n<\/ul>\n\n\n\n<p>ANA LATORRE no es fa responsable, en cap cas ni del contingut ni de la veracitat de les pol\u00edtiques i\/o condicions d&#8217;\u00fas i privacitat dels tercers, inclosos, a trav\u00e9s dels enlla\u00e7os, en aquesta pol\u00edtica.<\/p>\n\n\n\n<p><strong>3. CONSENTIMENT<\/strong><\/p>\n\n\n\n<p>En relaci\u00f3 amb la utilitzaci\u00f3 de cookies d&#8217;aquest lloc web descrits en l&#8217;apartat anterior, l&#8217;usuari autoritza i consent el seu \u00fas de la seg\u00fcent forma: Quan l&#8217;usuari accedeix a qualsevol p\u00e0gina de la web, veur\u00e0 un av\u00eds on s&#8217;indica que la p\u00e0gina web d&#8217;ANA LATORRE utilitza cookies, podent l&#8217;usuari acceptar o rebutjar l&#8217;\u00fas de les mateixes a trav\u00e9s de la configuraci\u00f3 del seu navegador. Si l&#8217;usuari no configura el seu navegador perqu\u00e8 les cookies no s&#8217;activin, en navegar pel lloc web d&#8217;ANA LATORRE i utilitzar els seus serveis, l&#8217;usuari accepta l&#8217;\u00fas que es fa de les cookies.<\/p>\n\n\n\n<p><strong>4. COM BLOQUEJAR O ELIMINAR LES COOKIES INSTAL\u00b7LADES.<\/strong><br>Pot vost\u00e8 permetre, bloquejar o eliminar les cookies instal\u00b7lades en el seu equip mitjan\u00e7ant la configuraci\u00f3 de les opcions del seu navegador. Pot trobar informaci\u00f3 sobre com fer-ho, en relaci\u00f3 amb els navegadors m\u00e9s comuns en els links que s&#8217;inclouen a continuaci\u00f3:<\/p>\n\n\n\n<ul class=\"wp-block-list\">\n<li>Explorer: https:\/\/support.microsoft.com\/es-es\/kb\/278835<\/li>\n\n\n\n<li>Microsoft Edge: https:\/\/privacy.microsoft.com\/es-es\/windows-10-microsoft-edge-and-privacy<\/li>\n\n\n\n<li>Chrome:https:\/\/support.google.com\/chrome\/answer\/95647?co=GENIE.Platform%3DDesktop&amp;hl=esttp:\/\/support.google.com\/chrome\/bin\/answer.py?hl=es&amp;answer=95647<\/li>\n\n\n\n<li>Firefox: http:\/\/support.mozilla.org\/es\/kb\/Borrar%20cookies<\/li>\n\n\n\n<li>Safari: http:\/\/support.apple.com\/kb\/ph5042.<\/li>\n\n\n\n<li>Opera: https:\/\/help.opera.com\/en\/latest\/web-preferences\/#cookies<\/li>\n<\/ul>\n\n\n\n<p>L&#8217;informem, no obstant aix\u00f2, de la possibilitat que la desactivaci\u00f3 d&#8217;alguna cookie impedeixi o dificulti la navegaci\u00f3 o la prestaci\u00f3 dels serveis oferts en la p\u00e0gina web.<br>Els informem, no obstant aix\u00f2, de la possibilitat que la desactivaci\u00f3 d&#8217;alguna cookie impedeixi o dificulti la navegaci\u00f3 o la prestaci\u00f3 dels serveis oferts en la p\u00e0gina web.<\/p>\n\n\n\n<p><strong>5. MODIFICACIONS<\/strong><br>La present pol\u00edtica de cookies pot veure&#8217;s modificada en funci\u00f3 de les exig\u00e8ncies legals establertes o amb la finalitat d&#8217;adaptar aquesta pol\u00edtica a les instruccions dictades per l&#8217;Ag\u00e8ncia Espanyola de Protecci\u00f3 de Dades.<br>Per aquesta ra\u00f3, aconsellem als usuaris que visitin peri\u00f2dicament la nostra pol\u00edtica de cookies.<br>Quan es produeixin canvis significatius en aquesta pol\u00edtica, en la mesura de les nostres possibilitats, comunicarem als usuaris aquests canvis mitjan\u00e7ant un av\u00eds en la nostra p\u00e0gina web.<br>Si t\u00e9 dubtes sobre esta pol\u00edtica de cookies, pot contactar amb ANA LATORRE a trav\u00e9s del seg\u00fcent correu electr\u00f2nic: hola@analatorre.com<br>\u00daltima revisi\u00f3: 23\/09\/2022<\/p>\n\n\n\n<figure class=\"wp-block-table\">\n<table>\n<tbody>\n<tr>\n<td>TIPUS<\/td>\n<td>CADUCITAT<\/td>\n<td>FINALITAT<\/td>\n<td>PR\u00d2PIES\/TERCERS<\/td>\n<\/tr>\n<tr>\n<td>T\u00e8cnica<\/td>\n<td>Persistent<\/td>\n<td>Informaci\u00f3 persistent per a permetre la funcionalitat del lloc web o plataforma<\/td>\n<td>Pr\u00f2pia<\/td>\n<\/tr>\n<tr>\n<td>Anal\u00edtica<\/td>\n<td>Persistent<\/td>\n<td>Per a determinar noves sessions\/visites<\/td>\n<td>Tercer (Google analytics)<\/td>\n<\/tr>\n<\/tbody>\n<\/table>\n<\/figure>\n\n\n\n<p>TIPUS CADUCITAT FINALITAT PR\u00d2PIES\/TERCERS T\u00e8cnica Persistent Informaci\u00f3 persistent per a permetre la funcionalitat del lloc web o plataforma Pr\u00f2pia Anal\u00edtica Persistent Per a determinar noves sessions\/visites Tercer (Google analytics) COOKIES GOOGLE ANALYTICS<\/p>\n\n\n\n<figure class=\"wp-block-table\">\n<table>\n<tbody>\n<tr>\n<td>NOM<\/td>\n<td>COOKIE DURACI\u00d3<\/td>\n<td>DESCRIPCI\u00d3<\/td>\n<\/tr>\n<tr>\n<td>_ga<\/td>\n<td>2 anys<\/td>\n<td>S&#8217;usa per a distingir als usuaris.<\/td>\n<\/tr>\n<tr>\n<td>_gid<\/td>\n<td>24 hores<\/td>\n<td>S&#8217;usa per a distingir als usuaris.<\/td>\n<\/tr>\n<tr>\n<td>_gat<\/td>\n<td>1 minut<\/td>\n<td>S&#8217;usa per a limitar el percentatge de sol\u00b7licituds. Si has implementat Google Analytics mitjan\u00e7ant Google Tag Manager, aquesta cookie es dir\u00e0 _dc_*gtm_.<\/td>\n<\/tr>\n<tr>\n<td>AMP_TOKEN<\/td>\n<td>30 seguns a 1 any<\/td>\n<td>Inclou un token que es pot utilitzar per a recuperar un ANEU de client del servei de ID de client de AMP. Altres possibles valors indiquen inhabilitacions, sol\u00b7licituds en curs o errors obtinguts en recuperar un ANEU del servei de ID de client de AMP.<\/td>\n<\/tr>\n<tr>\n<td>_gac_<\/td>\n<td>90 dies<\/td>\n<td>Inclou informaci\u00f3 de la campanya relativa a l&#8217;usuari. Si has vinculat els teus comptes de Google Analytics i Google Ads, les etiquetes de conversi\u00f3 de llocs web llegiran aquesta cookie, tret que la inhabilitis.<\/td>\n<\/tr>\n<tr>\n<td>__utmx<\/td>\n<td>18 mesos<\/td>\n<td>S&#8217;usa per a determinar la inclusi\u00f3 d&#8217;un usuari en un experiment.<\/td>\n<\/tr>\n<tr>\n<td>__utmxx<\/td>\n<td>18 mesos<\/td>\n<td>S&#8217;usa per a determinar la caducitat dels experiments en els quals s&#8217;ha incl\u00f2s a un usuari.<\/td>\n<\/tr>\n<tr>\n<td>__gat<\/td>\n<td>1 minut<\/td>\n<td>S&#8217;usa per a limitar el percentatge de sol\u00b7licituds.<\/td>\n<\/tr>\n<\/tbody>\n<\/table>\n<\/figure>\n\n\n\n<p>Alguns serveis d&#8217;ANA LATORRE, poden usar connectors amb diverses RRSS com s\u00f3n Twitter, Facebook i Linkedin.<\/p>\n","protected":false},"excerpt":{"rendered":"<p>L&#8217;objectiu d&#8217;aquesta pol\u00edtica \u00e9s informar els interessats sobre les cookies que empra aquesta p\u00e0gina web de conformitat amb el que s&#8217;estableix en la Llei 34\/2002, d&#8217;11 de juliol, de Serveis de la Societat de la Informaci\u00f3 i de Comer\u00e7 Electr\u00f2nic, i el Reglament (UE) 2016\/679&#8230;<\/p>\n","protected":false},"author":2,"featured_media":0,"parent":0,"menu_order":0,"comment_status":"closed","ping_status":"closed","template":"","meta":{"footnotes":""},"class_list":["post-1174","page","type-page","status-publish","hentry"],"yoast_head":"<!-- This site is optimized with the Yoast SEO Premium plugin v21.2 (Yoast SEO v27.3) - https:\/\/yoast.com\/product\/yoast-seo-premium-wordpress\/ -->\n<title>Pol\u00edtica de cookies - Ana Latorre<\/title>\n<meta name=\"robots\" content=\"index, follow, max-snippet:-1, max-image-preview:large, max-video-preview:-1\" \/>\n<link rel=\"canonical\" href=\"https:\/\/analatorre.com\/ca\/politica-de-cookies\/\" \/>\n<meta property=\"og:locale\" content=\"ca_ES\" \/>\n<meta property=\"og:type\" content=\"article\" \/>\n<meta property=\"og:title\" content=\"Pol\u00edtica de cookies\" \/>\n<meta property=\"og:description\" content=\"L&#8217;objectiu d&#8217;aquesta pol\u00edtica \u00e9s informar els interessats sobre les cookies que empra aquesta p\u00e0gina web de conformitat amb el que s&#8217;estableix en la Llei 34\/2002, d&#8217;11 de juliol, de Serveis de la Societat de la Informaci\u00f3 i de Comer\u00e7 Electr\u00f2nic, i el Reglament (UE) 2016\/679...\" \/>\n<meta property=\"og:url\" content=\"https:\/\/analatorre.com\/ca\/politica-de-cookies\/\" \/>\n<meta property=\"og:site_name\" content=\"Ana Latorre\" \/>\n<meta property=\"article:modified_time\" content=\"2023-11-27T08:45:09+00:00\" \/>\n<meta name=\"twitter:card\" content=\"summary_large_image\" \/>\n<meta name=\"twitter:label1\" content=\"Temps estimat de lectura\" \/>\n\t<meta name=\"twitter:data1\" content=\"6 minuts\" \/>\n<script type=\"application\/ld+json\" class=\"yoast-schema-graph\">{\"@context\":\"https:\\\/\\\/schema.org\",\"@graph\":[{\"@type\":\"WebPage\",\"@id\":\"https:\\\/\\\/analatorre.com\\\/ca\\\/politica-de-cookies\\\/\",\"url\":\"https:\\\/\\\/analatorre.com\\\/ca\\\/politica-de-cookies\\\/\",\"name\":\"Pol\u00edtica de cookies - Ana Latorre\",\"isPartOf\":{\"@id\":\"https:\\\/\\\/analatorre.com\\\/#website\"},\"datePublished\":\"2023-07-27T08:58:53+00:00\",\"dateModified\":\"2023-11-27T08:45:09+00:00\",\"breadcrumb\":{\"@id\":\"https:\\\/\\\/analatorre.com\\\/ca\\\/politica-de-cookies\\\/#breadcrumb\"},\"inLanguage\":\"ca\",\"potentialAction\":[{\"@type\":\"ReadAction\",\"target\":[\"https:\\\/\\\/analatorre.com\\\/ca\\\/politica-de-cookies\\\/\"]}]},{\"@type\":\"BreadcrumbList\",\"@id\":\"https:\\\/\\\/analatorre.com\\\/ca\\\/politica-de-cookies\\\/#breadcrumb\",\"itemListElement\":[{\"@type\":\"ListItem\",\"position\":1,\"name\":\"Home\",\"item\":\"https:\\\/\\\/analatorre.com\\\/ca\\\/home\\\/\"},{\"@type\":\"ListItem\",\"position\":2,\"name\":\"Pol\u00edtica de cookies\"}]},{\"@type\":\"WebSite\",\"@id\":\"https:\\\/\\\/analatorre.com\\\/#website\",\"url\":\"https:\\\/\\\/analatorre.com\\\/\",\"name\":\"Ana Latorre\",\"description\":\"\",\"potentialAction\":[{\"@type\":\"SearchAction\",\"target\":{\"@type\":\"EntryPoint\",\"urlTemplate\":\"https:\\\/\\\/analatorre.com\\\/?s={search_term_string}\"},\"query-input\":{\"@type\":\"PropertyValueSpecification\",\"valueRequired\":true,\"valueName\":\"search_term_string\"}}],\"inLanguage\":\"ca\"}]}<\/script>\n<!-- \/ Yoast SEO Premium plugin. -->","yoast_head_json":{"title":"Pol\u00edtica de cookies - Ana Latorre","robots":{"index":"index","follow":"follow","max-snippet":"max-snippet:-1","max-image-preview":"max-image-preview:large","max-video-preview":"max-video-preview:-1"},"canonical":"https:\/\/analatorre.com\/ca\/politica-de-cookies\/","og_locale":"ca_ES","og_type":"article","og_title":"Pol\u00edtica de cookies","og_description":"L&#8217;objectiu d&#8217;aquesta pol\u00edtica \u00e9s informar els interessats sobre les cookies que empra aquesta p\u00e0gina web de conformitat amb el que s&#8217;estableix en la Llei 34\/2002, d&#8217;11 de juliol, de Serveis de la Societat de la Informaci\u00f3 i de Comer\u00e7 Electr\u00f2nic, i el Reglament (UE) 2016\/679...","og_url":"https:\/\/analatorre.com\/ca\/politica-de-cookies\/","og_site_name":"Ana Latorre","article_modified_time":"2023-11-27T08:45:09+00:00","twitter_card":"summary_large_image","twitter_misc":{"Temps estimat de lectura":"6 minuts"},"schema":{"@context":"https:\/\/schema.org","@graph":[{"@type":"WebPage","@id":"https:\/\/analatorre.com\/ca\/politica-de-cookies\/","url":"https:\/\/analatorre.com\/ca\/politica-de-cookies\/","name":"Pol\u00edtica de cookies - Ana Latorre","isPartOf":{"@id":"https:\/\/analatorre.com\/#website"},"datePublished":"2023-07-27T08:58:53+00:00","dateModified":"2023-11-27T08:45:09+00:00","breadcrumb":{"@id":"https:\/\/analatorre.com\/ca\/politica-de-cookies\/#breadcrumb"},"inLanguage":"ca","potentialAction":[{"@type":"ReadAction","target":["https:\/\/analatorre.com\/ca\/politica-de-cookies\/"]}]},{"@type":"BreadcrumbList","@id":"https:\/\/analatorre.com\/ca\/politica-de-cookies\/#breadcrumb","itemListElement":[{"@type":"ListItem","position":1,"name":"Home","item":"https:\/\/analatorre.com\/ca\/home\/"},{"@type":"ListItem","position":2,"name":"Pol\u00edtica de cookies"}]},{"@type":"WebSite","@id":"https:\/\/analatorre.com\/#website","url":"https:\/\/analatorre.com\/","name":"Ana Latorre","description":"","potentialAction":[{"@type":"SearchAction","target":{"@type":"EntryPoint","urlTemplate":"https:\/\/analatorre.com\/?s={search_term_string}"},"query-input":{"@type":"PropertyValueSpecification","valueRequired":true,"valueName":"search_term_string"}}],"inLanguage":"ca"}]}},"_links":{"self":[{"href":"https:\/\/analatorre.com\/ca\/wp-json\/wp\/v2\/pages\/1174","targetHints":{"allow":["GET"]}}],"collection":[{"href":"https:\/\/analatorre.com\/ca\/wp-json\/wp\/v2\/pages"}],"about":[{"href":"https:\/\/analatorre.com\/ca\/wp-json\/wp\/v2\/types\/page"}],"author":[{"embeddable":true,"href":"https:\/\/analatorre.com\/ca\/wp-json\/wp\/v2\/users\/2"}],"replies":[{"embeddable":true,"href":"https:\/\/analatorre.com\/ca\/wp-json\/wp\/v2\/comments?post=1174"}],"version-history":[{"count":2,"href":"https:\/\/analatorre.com\/ca\/wp-json\/wp\/v2\/pages\/1174\/revisions"}],"predecessor-version":[{"id":1275,"href":"https:\/\/analatorre.com\/ca\/wp-json\/wp\/v2\/pages\/1174\/revisions\/1275"}],"wp:attachment":[{"href":"https:\/\/analatorre.com\/ca\/wp-json\/wp\/v2\/media?parent=1174"}],"curies":[{"name":"wp","href":"https:\/\/api.w.org\/{rel}","templated":true}]}}