{"id":1171,"date":"2023-07-27T08:53:40","date_gmt":"2023-07-27T08:53:40","guid":{"rendered":"https:\/\/analatorre.com\/avis-legal\/"},"modified":"2023-11-17T10:49:18","modified_gmt":"2023-11-17T10:49:18","slug":"avis-legal","status":"publish","type":"page","link":"https:\/\/analatorre.com\/ca\/avis-legal\/","title":{"rendered":"Av\u00eds legal"},"content":{"rendered":"\n<h2 class=\"wp-block-heading\">Dades Identificatives<\/h2>\n\n\n\n<p>Vost\u00e8 est\u00e0 visitant la p\u00e0gina web https:\/\/www.analatorre.com\/ titularitat d&#8217;ANA LATORRE, d&#8217;ara endavant EL TITULAR.<\/p>\n\n\n\n<p>Pot contactar amb el TITULAR per qualsevol dels seg\u00fcents mitjans:<\/p>\n\n\n\n<p>Correu electr\u00f2nic de contacte: hola@analatorre.com<\/p>\n\n\n\n<h2 class=\"wp-block-heading\">Usuaris<\/h2>\n\n\n\n<p>Les presents condicions (d&#8217;ara endavant Av\u00eds Legal) t\u00e9 per finalitat regular l&#8217;\u00fas de la p\u00e0gina web del TITULAR que posa a la disposici\u00f3 del p\u00fablic.<\/p>\n\n\n\n<p>L&#8217;acc\u00e9s i\/o \u00fas d&#8217;aquesta p\u00e0gina web atribueix la condici\u00f3 d&#8217;USUARI, que accepta, des d&#8217;aquest acc\u00e9s i\/o \u00fas, les condicions generals d&#8217;\u00fas aqu\u00ed reflectides. Les citades condicions seran aplicable independentment de les condicions generals de contractaci\u00f3 que si \u00e9s el cas resultin d&#8217;obligat compliment.<\/p>\n\n\n\n<h2 class=\"wp-block-heading\">\u00das Del Portal<\/h2>\n\n\n\n<p>https:\/\/www.analatorre.com\/ proporciona l&#8217;acc\u00e9s a multitud de serveis, informaci\u00f3, programes o dades (d&#8217;ara endavant, \u201cels continguts\u201d) en Internet pertanyents al TITULAR o als seus llicenciadors als quals l&#8217;USUARI pot tenir acc\u00e9s.<\/p>\n\n\n\n<p>L&#8217;usuari assumeix la responsabilitat de l&#8217;\u00fas del portal. Aquesta responsabilitat s&#8217;est\u00e9n al registre que fos necessari per a accedir a determinats serveis o continguts. En aquest registre l&#8217;USUARI ser\u00e0 responsable d&#8217;aportar informaci\u00f3 vera\u00e7 i l\u00edcita. A conseq\u00fc\u00e8ncia d&#8217;aquest registre, a l&#8217;USUARI se li pot proporcionar una contrasenya de la qual ser\u00e0 responsable, comprometent-se a fer un \u00fas diligent i confidencial d&#8217;aquesta.<\/p>\n\n\n\n<p>L&#8217;USUARI es compromet a fer un \u00fas adequat dels continguts i serveis (p.e. serveis de xat, f\u00f2rums de discussi\u00f3 o grups de not\u00edcies) que EL TITULAR ofereix a trav\u00e9s del seu portal i amb car\u00e0cter enunciatiu per\u00f2 no limitatiu, a no emprar-los per a:<\/p>\n\n\n\n<p>Inc\u00f3rrer en activitats il\u00b7l\u00edcites, il\u00b7legals o contr\u00e0ries a la bona fe i a l&#8217;ordre p\u00fablic.<\/p>\n\n\n\n<p>Difondre continguts o propaganda racista, xen\u00f2foba, pornogr\u00e0fic-il\u00b7legal, d&#8217;apologia del terrorisme o atemptat\u00f2ria contra els drets humans.<\/p>\n\n\n\n<p>Provocar danys en els sistemes f\u00edsics i l\u00f2gics d&#8217;ANA LATORRE, dels seus prove\u00efdors o de terceres persones, introduir o difondre en la xarxa virus inform\u00e0tics o qualssevol altres sistemes f\u00edsics o l\u00f2gics que siguin susceptibles de provocar els danys anteriorment esmentats.<\/p>\n\n\n\n<p>Intentar accedir i, si \u00e9s el cas, utilitzar els comptes de correu electr\u00f2nic d&#8217;altres usuaris i modificar o manipular els seus missatges.<\/p>\n\n\n\n<p>Utilitzar el lloc web ni la informaci\u00f3 que aquest cont\u00e9 amb finalitats comercials, pol\u00edtics, publicitaris i per a qualsevol \u00fas comercial, sobretot en l&#8217;enviament de correus electr\u00f2nics no sol\u00b7licitats.<\/p>\n\n\n\n<p>EL TITULAR es reserva el dret a retirar tots aquells comentaris i aportacions que vulnerin el respecte a la dignitat de la persona, que siguin discriminatoris, xen\u00f2fobs, racistes pornogr\u00e0fics, que atemptin contra la joventut o la inf\u00e0ncia, l&#8217;ordre o la seguretat p\u00fablica o que, al seu judici, no resultaran adequats per a la seva publicaci\u00f3. En qualsevol cas, EL TITULAR no ser\u00e0 responsable de les opinions abocades pels usuaris a trav\u00e9s dels f\u00f2rums, xats, o altres eines de participaci\u00f3.<\/p>\n\n\n\n<h2 class=\"wp-block-heading\">Protecci\u00f3 De Dades<\/h2>\n\n\n\n<p>Tot el relatiu a la pol\u00edtica de protecci\u00f3 de dades es troba recollit en el document de pol\u00edtica de privacitat.<\/p>\n\n\n\n<p>Continguts. Propietat intel\u00b7lectual i industrial<\/p>\n\n\n\n<p>EL TITULAR \u00e9s propietari de tots els drets de propietat intel\u00b7lectual i industrial de la seva p\u00e0gina web, aix\u00ed com dels elements continguts en la mateixa (a t\u00edtol enunciatiu: imatges, fotografies, so, \u00e0udio, v\u00eddeo, programari o textos; marques o logotips, combinacions de colors, estructura i disseny, selecci\u00f3 de materials usats, programes d&#8217;ordinador necessaris per al seu funcionament, acc\u00e9s i \u00fas, etc), titularitat del TITULAR o b\u00e9 dels seus llicenciadors.<\/p>\n\n\n\n<p>Tots els drets reservats. En virtut del que es disposa en els articles 8 i 32.1, par\u00e0graf segon, de la Llei de Propietat Intel\u00b7lectual, queden expressament prohibides la reproducci\u00f3, la distribuci\u00f3 i la comunicaci\u00f3 p\u00fablica, inclosa la seva modalitat de posada a disposici\u00f3, de la totalitat o part dels continguts d&#8217;aquesta p\u00e0gina web, amb finalitats comercials, en qualsevol suport i per qualsevol mitj\u00e0 t\u00e8cnic, sense l&#8217;autoritzaci\u00f3 del TITULAR.<\/p>\n\n\n\n<h2 class=\"wp-block-heading\">Exclusi\u00f3 De Garanties I Responsabilitat<\/h2>\n\n\n\n<p>L&#8217;USUARI reconeix que la utilitzaci\u00f3 de la p\u00e0gina web i dels seus continguts i serveis es desenvolupa sota la seva exclusiva responsabilitat. En concret, a t\u00edtol merament enunciatiu, EL TITULAR no assumeix cap responsabilitat en els seg\u00fcents \u00e0mbits:<\/p>\n\n\n\n<p>La disponibilitat del funcionament de la p\u00e0gina web, els seus serveis i continguts i la seva qualitat o interoperabilitat.<\/p>\n\n\n\n<p>La finalitat per a la qual la p\u00e0gina web serveixi als objectius de l&#8217;USUARI.<\/p>\n\n\n\n<p>La infracci\u00f3 de la legislaci\u00f3 vigent per part de l&#8217;USUARI o tercers i, en concret, dels drets de propietat intel\u00b7lectual i industrial que siguin titularitat d&#8217;altres persones o entitats.<\/p>\n\n\n\n<p>L&#8217;exist\u00e8ncia de codis maliciosos o qualsevol altre element inform\u00e0tic nociu que pogu\u00e9s causar el sistema inform\u00e0tic de l&#8217;USUARI o de tercers. Correspon a l&#8217;USUARI, en tot cas, disposar d&#8217;eines adequades per a la detecci\u00f3 i desinfecci\u00f3 d&#8217;aquests elements.<\/p>\n\n\n\n<p>L&#8217;acc\u00e9s fraudulent als continguts o serveis per tercers no autoritzats, o, si \u00e9s el cas, la captura, eliminaci\u00f3, alteraci\u00f3, modificaci\u00f3 o manipulaci\u00f3 dels missatges i comunicacions de qualsevol classe que dites terceres pogu\u00e9s realitzar.<\/p>\n\n\n\n<p>L&#8217;exactitud, veracitat, actualitat i utilitat dels continguts i serveis oferts i la utilitzaci\u00f3 posterior que d&#8217;ells faci l&#8217;USUARI. EL TITULAR emprar\u00e0 tots els esfor\u00e7os i mitjans raonables per a facilitar la informaci\u00f3 actualitzada i fefaent.<\/p>\n\n\n\n<p>Els danys produ\u00efts a equips inform\u00e0tics durant l&#8217;acc\u00e9s a la p\u00e0gina web i els danys produ\u00efts als USUARIS quan tinguin el seu origen en fallades o desconnexions en les xarxes de telecomunicacions que interrompin el servei.<\/p>\n\n\n\n<p>Els danys o perjudicis que es derivin de circumst\u00e0ncies esdevingudes per cas fortu\u00eft o for\u00e7a major.<\/p>\n\n\n\n<p>En cas que existeixin f\u00f2rums, l&#8217;\u00fas dels mateixos o altres espais an\u00e0legs, ha de tenir-se en compte que els missatges reflecteixin \u00fanicament l&#8217;opini\u00f3 de l&#8217;USUARI que els remet, que \u00e9s l&#8217;\u00fanic responsable. EL TITULAR no es fa responsable del contingut dels missatges enviats per l&#8217;USUARI.<\/p>\n\n\n\n<h2 class=\"wp-block-heading\">Modificaci\u00f3 D&#8217;Aquest Av\u00eds Legal I Durada<\/h2>\n\n\n\n<p>EL TITULAR es reserva el dret d&#8217;efectuar sense previ av\u00eds les modificacions que consideri oportunes en el seu portal, podent canviar, suprimir o afegir tants continguts i serveis que es prestin a trav\u00e9s d&#8217;aquesta, com la forma en la qual aquests apareguin representats o localitzats en el seu portal.<\/p>\n\n\n\n<p>La vig\u00e8ncia de les citades condicions anir\u00e0 en funci\u00f3 de la seva exposici\u00f3 i estaran vigents fins que siguin modificades per unes altres degudament publicades.<\/p>\n\n\n\n<h2 class=\"wp-block-heading\">Enlla\u00e7os<\/h2>\n\n\n\n<p>En el cas que en https:\/\/www.analatorre.com\/ s&#8217;incloguessin enlla\u00e7os o enlla\u00e7os cap a altres llocs d&#8217;Internet, EL TITULAR no exercir\u00e0 cap mena de control sobre aquests llocs i continguts. En cap cas EL TITULAR assumir\u00e0 cap responsabilitat pels continguts d&#8217;algun enlla\u00e7 pertanyent a un lloc web ali\u00e8, ni garantir\u00e0 la disponibilitat t\u00e8cnica, qualitat, fiabilitat, exactitud, amplitud, veracitat, validesa i constitucionalitat de qualsevol mat\u00e8ria o informaci\u00f3 continguda en cap d&#8217;aquests enlla\u00e7os i altres llocs en Internet. Igualment, la inclusi\u00f3 d&#8217;aquestes connexions externes no implicar\u00e0 cap mena d&#8217;associaci\u00f3, fusi\u00f3 o participaci\u00f3 amb les entitats connectades.<\/p>\n\n\n\n<h2 class=\"wp-block-heading\">Drets D&#8217;Exclusi\u00f3<\/h2>\n\n\n\n<p>EL TITULAR ser reserva el dret a denegar o retirar l&#8217;acc\u00e9s a portal i\/o els serveis oferts sense necessitat d&#8217;advertiment previ, a inst\u00e0ncia pr\u00f2pia o d&#8217;un tercer, a aquells usuaris que incompleixin el contingut d&#8217;aquest av\u00eds legal.<\/p>\n\n\n\n<h2 class=\"wp-block-heading\">Generalitats<\/h2>\n\n\n\n<p>EL TITULAR perseguir\u00e0 l&#8217;incompliment de les presents condicions aix\u00ed com qualsevol utilitzaci\u00f3 indeguda del seu portal exercint totes les accions civils i penals que li puguin correspondre en dret.<\/p>\n\n\n\n<p>Legislaci\u00f3 aplicable i jurisdicci\u00f3<\/p>\n\n\n\n<p>La relaci\u00f3 entre EL TITULAR i L&#8217;USUARI es regir\u00e0 per la normativa espanyola vigent. Totes les disputes i reclamacions derivades d&#8217;aquest av\u00eds legal es resoldran pels jutjats i tribunals espanyols.<\/p>\n\n\n\n<h2 class=\"wp-block-heading\">Menors D&#8217;Edat<\/h2>\n\n\n\n<p>https:\/\/www.analatorre.com\/ dirigeix els seus serveis a usuaris majors de 14 anys. Els menors d&#8217;aquesta edat no estan autoritzats a utilitzar els nostres serveis i no deuran, per tant, enviar-nos les seves dades personals. Informem que si es dona tal circumst\u00e0ncia, ANA LATORRE no es fa responsable de les possibles conseq\u00fc\u00e8ncies que poguessin derivar-se de l&#8217;incompliment de l&#8217;av\u00eds que en aquesta cl\u00e0usula s&#8217;estableix.<\/p>\n","protected":false},"excerpt":{"rendered":"<p>Dades Identificatives Vost\u00e8 est\u00e0 visitant la p\u00e0gina web https:\/\/www.analatorre.com\/ titularitat d&#8217;ANA LATORRE, d&#8217;ara endavant EL TITULAR. Pot contactar amb el TITULAR per qualsevol dels seg\u00fcents mitjans: Correu electr\u00f2nic de contacte: hola@analatorre.com Usuaris Les presents condicions (d&#8217;ara endavant Av\u00eds Legal) t\u00e9 per finalitat regular l&#8217;\u00fas de&#8230;<\/p>\n","protected":false},"author":2,"featured_media":0,"parent":0,"menu_order":0,"comment_status":"closed","ping_status":"closed","template":"","meta":{"footnotes":""},"class_list":["post-1171","page","type-page","status-publish","hentry"],"yoast_head":"<!-- This site is optimized with the Yoast SEO Premium plugin v21.2 (Yoast SEO v27.3) - https:\/\/yoast.com\/product\/yoast-seo-premium-wordpress\/ -->\n<title>Av\u00eds legal - Ana Latorre<\/title>\n<meta name=\"robots\" content=\"index, follow, max-snippet:-1, max-image-preview:large, max-video-preview:-1\" \/>\n<link rel=\"canonical\" href=\"https:\/\/analatorre.com\/ca\/avis-legal\/\" \/>\n<meta property=\"og:locale\" content=\"ca_ES\" \/>\n<meta property=\"og:type\" content=\"article\" \/>\n<meta property=\"og:title\" content=\"Av\u00eds legal\" \/>\n<meta property=\"og:description\" content=\"Dades Identificatives Vost\u00e8 est\u00e0 visitant la p\u00e0gina web https:\/\/www.analatorre.com\/ titularitat d&#8217;ANA LATORRE, d&#8217;ara endavant EL TITULAR. Pot contactar amb el TITULAR per qualsevol dels seg\u00fcents mitjans: Correu electr\u00f2nic de contacte: hola@analatorre.com Usuaris Les presents condicions (d&#8217;ara endavant Av\u00eds Legal) t\u00e9 per finalitat regular l&#8217;\u00fas de...\" \/>\n<meta property=\"og:url\" content=\"https:\/\/analatorre.com\/ca\/avis-legal\/\" \/>\n<meta property=\"og:site_name\" content=\"Ana Latorre\" \/>\n<meta property=\"article:modified_time\" content=\"2023-11-17T10:49:18+00:00\" \/>\n<meta name=\"twitter:card\" content=\"summary_large_image\" \/>\n<meta name=\"twitter:label1\" content=\"Temps estimat de lectura\" \/>\n\t<meta name=\"twitter:data1\" content=\"7 minuts\" \/>\n<script type=\"application\/ld+json\" class=\"yoast-schema-graph\">{\"@context\":\"https:\\\/\\\/schema.org\",\"@graph\":[{\"@type\":\"WebPage\",\"@id\":\"https:\\\/\\\/analatorre.com\\\/ca\\\/avis-legal\\\/\",\"url\":\"https:\\\/\\\/analatorre.com\\\/ca\\\/avis-legal\\\/\",\"name\":\"Av\u00eds legal - Ana Latorre\",\"isPartOf\":{\"@id\":\"https:\\\/\\\/analatorre.com\\\/#website\"},\"datePublished\":\"2023-07-27T08:53:40+00:00\",\"dateModified\":\"2023-11-17T10:49:18+00:00\",\"breadcrumb\":{\"@id\":\"https:\\\/\\\/analatorre.com\\\/ca\\\/avis-legal\\\/#breadcrumb\"},\"inLanguage\":\"ca\",\"potentialAction\":[{\"@type\":\"ReadAction\",\"target\":[\"https:\\\/\\\/analatorre.com\\\/ca\\\/avis-legal\\\/\"]}]},{\"@type\":\"BreadcrumbList\",\"@id\":\"https:\\\/\\\/analatorre.com\\\/ca\\\/avis-legal\\\/#breadcrumb\",\"itemListElement\":[{\"@type\":\"ListItem\",\"position\":1,\"name\":\"Home\",\"item\":\"https:\\\/\\\/analatorre.com\\\/ca\\\/home\\\/\"},{\"@type\":\"ListItem\",\"position\":2,\"name\":\"Av\u00eds legal\"}]},{\"@type\":\"WebSite\",\"@id\":\"https:\\\/\\\/analatorre.com\\\/#website\",\"url\":\"https:\\\/\\\/analatorre.com\\\/\",\"name\":\"Ana Latorre\",\"description\":\"\",\"potentialAction\":[{\"@type\":\"SearchAction\",\"target\":{\"@type\":\"EntryPoint\",\"urlTemplate\":\"https:\\\/\\\/analatorre.com\\\/?s={search_term_string}\"},\"query-input\":{\"@type\":\"PropertyValueSpecification\",\"valueRequired\":true,\"valueName\":\"search_term_string\"}}],\"inLanguage\":\"ca\"}]}<\/script>\n<!-- \/ Yoast SEO Premium plugin. -->","yoast_head_json":{"title":"Av\u00eds legal - Ana Latorre","robots":{"index":"index","follow":"follow","max-snippet":"max-snippet:-1","max-image-preview":"max-image-preview:large","max-video-preview":"max-video-preview:-1"},"canonical":"https:\/\/analatorre.com\/ca\/avis-legal\/","og_locale":"ca_ES","og_type":"article","og_title":"Av\u00eds legal","og_description":"Dades Identificatives Vost\u00e8 est\u00e0 visitant la p\u00e0gina web https:\/\/www.analatorre.com\/ titularitat d&#8217;ANA LATORRE, d&#8217;ara endavant EL TITULAR. Pot contactar amb el TITULAR per qualsevol dels seg\u00fcents mitjans: Correu electr\u00f2nic de contacte: hola@analatorre.com Usuaris Les presents condicions (d&#8217;ara endavant Av\u00eds Legal) t\u00e9 per finalitat regular l&#8217;\u00fas de...","og_url":"https:\/\/analatorre.com\/ca\/avis-legal\/","og_site_name":"Ana Latorre","article_modified_time":"2023-11-17T10:49:18+00:00","twitter_card":"summary_large_image","twitter_misc":{"Temps estimat de lectura":"7 minuts"},"schema":{"@context":"https:\/\/schema.org","@graph":[{"@type":"WebPage","@id":"https:\/\/analatorre.com\/ca\/avis-legal\/","url":"https:\/\/analatorre.com\/ca\/avis-legal\/","name":"Av\u00eds legal - Ana Latorre","isPartOf":{"@id":"https:\/\/analatorre.com\/#website"},"datePublished":"2023-07-27T08:53:40+00:00","dateModified":"2023-11-17T10:49:18+00:00","breadcrumb":{"@id":"https:\/\/analatorre.com\/ca\/avis-legal\/#breadcrumb"},"inLanguage":"ca","potentialAction":[{"@type":"ReadAction","target":["https:\/\/analatorre.com\/ca\/avis-legal\/"]}]},{"@type":"BreadcrumbList","@id":"https:\/\/analatorre.com\/ca\/avis-legal\/#breadcrumb","itemListElement":[{"@type":"ListItem","position":1,"name":"Home","item":"https:\/\/analatorre.com\/ca\/home\/"},{"@type":"ListItem","position":2,"name":"Av\u00eds legal"}]},{"@type":"WebSite","@id":"https:\/\/analatorre.com\/#website","url":"https:\/\/analatorre.com\/","name":"Ana Latorre","description":"","potentialAction":[{"@type":"SearchAction","target":{"@type":"EntryPoint","urlTemplate":"https:\/\/analatorre.com\/?s={search_term_string}"},"query-input":{"@type":"PropertyValueSpecification","valueRequired":true,"valueName":"search_term_string"}}],"inLanguage":"ca"}]}},"_links":{"self":[{"href":"https:\/\/analatorre.com\/ca\/wp-json\/wp\/v2\/pages\/1171","targetHints":{"allow":["GET"]}}],"collection":[{"href":"https:\/\/analatorre.com\/ca\/wp-json\/wp\/v2\/pages"}],"about":[{"href":"https:\/\/analatorre.com\/ca\/wp-json\/wp\/v2\/types\/page"}],"author":[{"embeddable":true,"href":"https:\/\/analatorre.com\/ca\/wp-json\/wp\/v2\/users\/2"}],"replies":[{"embeddable":true,"href":"https:\/\/analatorre.com\/ca\/wp-json\/wp\/v2\/comments?post=1171"}],"version-history":[{"count":1,"href":"https:\/\/analatorre.com\/ca\/wp-json\/wp\/v2\/pages\/1171\/revisions"}],"predecessor-version":[{"id":1217,"href":"https:\/\/analatorre.com\/ca\/wp-json\/wp\/v2\/pages\/1171\/revisions\/1217"}],"wp:attachment":[{"href":"https:\/\/analatorre.com\/ca\/wp-json\/wp\/v2\/media?parent=1171"}],"curies":[{"name":"wp","href":"https:\/\/api.w.org\/{rel}","templated":true}]}}